{"id":50193,"date":"2022-12-12T15:00:08","date_gmt":"2022-12-12T12:00:08","guid":{"rendered":"https:\/\/tms-medical.com\/?post_type=product&#038;p=50193"},"modified":"2025-09-09T23:05:17","modified_gmt":"2025-09-09T20:05:17","slug":"yuz-koruyucu-siperlik","status":"publish","type":"product","link":"https:\/\/tms-medical.com\/en\/product\/face-protector-visor\/","title":{"rendered":"Face Protective Visor"},"content":{"rendered":"","protected":false},"excerpt":{"rendered":"<p>TMS Corona Virus Face Protection Visor PPE (Personal Protective Equipment)<\/p>\n<ul>\n<li>Protects your face from liquid droplets and splashes<\/li>\n<li>Mainly all general public can use for key workers, doctors, nurses, pharmacy workers.<\/li>\n<li>Siperlik, g\u00f6zlerinize, burnunuza ve a\u011fz\u0131n\u0131za \u0131slak damlac\u0131klar\u0131, hap\u015f\u0131rma ve \u00f6ks\u00fcr\u00fckleri durdurur<\/li>\n<li>Ultra hafif (70 gr) , solunum damlac\u0131klar\u0131na, hap\u015f\u0131rmalara ve havadaki partik\u00fcllere kar\u015f\u0131 ilk koruma katman\u0131n\u0131 sa\u011flar.<\/li>\n<li>Reusable and erasable face shield (with alcohol-free disinfectors)<\/li>\n<li>Adjustable to fit all<\/li>\n<li>A\u011fz\u0131n\u0131za, g\u00f6zlerinize ve burnunuza \u0131slak damlac\u0131klar\u0131 durdurur.<\/li>\n<li>TMS marka koruyucu siperlik ki\u015fisel koruyucu donan\u0131m<\/li>\n<\/ul>","protected":false},"featured_media":50194,"comment_status":"open","ping_status":"closed","template":"","meta":{"inline_featured_image":false},"product_brand":[],"product_cat":[53],"product_tag":[86,93,92],"class_list":{"0":"post-50193","1":"product","2":"type-product","3":"status-publish","4":"has-post-thumbnail","6":"product_cat-covid-19","7":"product_tag-covid-19","8":"product_tag-koruyucu","9":"product_tag-yuz","10":"description-off","12":"first","13":"instock","14":"shipping-taxable","15":"product-type-simple"},"_links":{"self":[{"href":"https:\/\/tms-medical.com\/en\/wp-json\/wp\/v2\/product\/50193","targetHints":{"allow":["GET"]}}],"collection":[{"href":"https:\/\/tms-medical.com\/en\/wp-json\/wp\/v2\/product"}],"about":[{"href":"https:\/\/tms-medical.com\/en\/wp-json\/wp\/v2\/types\/product"}],"replies":[{"embeddable":true,"href":"https:\/\/tms-medical.com\/en\/wp-json\/wp\/v2\/comments?post=50193"}],"wp:featuredmedia":[{"embeddable":true,"href":"https:\/\/tms-medical.com\/en\/wp-json\/wp\/v2\/media\/50194"}],"wp:attachment":[{"href":"https:\/\/tms-medical.com\/en\/wp-json\/wp\/v2\/media?parent=50193"}],"wp:term":[{"taxonomy":"product_brand","embeddable":true,"href":"https:\/\/tms-medical.com\/en\/wp-json\/wp\/v2\/product_brand?post=50193"},{"taxonomy":"product_cat","embeddable":true,"href":"https:\/\/tms-medical.com\/en\/wp-json\/wp\/v2\/product_cat?post=50193"},{"taxonomy":"product_tag","embeddable":true,"href":"https:\/\/tms-medical.com\/en\/wp-json\/wp\/v2\/product_tag?post=50193"}],"curies":[{"name":"wp","href":"https:\/\/api.w.org\/{rel}","templated":true}]}}