{"id":50326,"date":"2023-01-02T11:21:41","date_gmt":"2023-01-02T08:21:41","guid":{"rendered":"https:\/\/tms-medical.com\/?page_id=50326"},"modified":"2023-02-01T15:41:22","modified_gmt":"2023-02-01T12:41:22","slug":"mobil-tibbi-atik-aritma-istasyonu","status":"publish","type":"page","link":"https:\/\/tms-medical.com\/en\/mobile-medical-waste-treatment-station\/","title":{"rendered":"Mobile Medical Waste Treatment"},"content":{"rendered":"<div class=\"wpb-content-wrapper\"><div class=\"vc_row wpb_row vc_row-fluid vc_custom_1673509820314 vc_row-o-equal-height vc_row-o-content-top vc_row-flex\"><div class=\"wpb_column vc_column_container vc_col-sm-8 vc_col-lg-offset-0 vc_col-lg-6 vc_col-md-offset-0 vc_col-md-6 vc_col-sm-offset-2 vc_col-xs-12\"><div class=\"vc_column-inner\"><div class=\"wpb_wrapper\"><style type=\"text\/css\" data-type=\"the7_shortcodes-inline-css\">.shortcode-single-image-wrap.shortcode-single-image-67d7d4b44339b1aa050080c0df0aaae9.enable-bg-rollover .rollover i,\n.shortcode-single-image-wrap.shortcode-single-image-67d7d4b44339b1aa050080c0df0aaae9.enable-bg-rollover .rollover-video i {\n  background: -webkit-linear-gradient();\n  background: linear-gradient();\n}\n.shortcode-single-image-wrap.shortcode-single-image-67d7d4b44339b1aa050080c0df0aaae9 .rollover-icon {\n  font-size: 32px;\n  color: #ffffff;\n  min-width: 44px;\n  min-height: 44px;\n  line-height: 44px;\n  border-radius: 100px;\n  border-style: solid;\n  border-width: 0px;\n}\n.dt-icon-bg-on.shortcode-single-image-wrap.shortcode-single-image-67d7d4b44339b1aa050080c0df0aaae9 .rollover-icon {\n  background: rgba(255,255,255,0.3);\n  box-shadow: none;\n}<\/style><div class=\"shortcode-single-image-wrap shortcode-single-image-67d7d4b44339b1aa050080c0df0aaae9 alignnone  enable-bg-rollover dt-icon-bg-off\" style=\"margin-top:0px; margin-bottom:0px; margin-left:0px; margin-right:0px; width:630px;\"><div class=\"shortcode-single-image\"><div class=\"fancy-media-wrap  layzr-bg\" style=\"border-radius:5px;\"><img fetchpriority=\"high\" decoding=\"async\" class=\"preload-me lazy-load aspect\" src=\"data:image\/svg+xml,%3Csvg%20xmlns%3D&#039;http%3A%2F%2Fwww.w3.org%2F2000%2Fsvg&#039;%20viewBox%3D&#039;0%200%20626%20248&#039;%2F%3E\" data-src=\"https:\/\/tms-medical.com\/wp-content\/uploads\/2023\/01\/Mobil-Tibbi-Atik-Aritma-Istasyonu-626x248.png\" data-srcset=\"https:\/\/tms-medical.com\/wp-content\/uploads\/2023\/01\/Mobil-Tibbi-Atik-Aritma-Istasyonu-626x248.png 626w\" loading=\"eager\" sizes=\"(max-width: 626px) 100vw, 626px\" width=\"626\" height=\"248\" data-dt-location=\"https:\/\/tms-medical.com\/en\/support-and-service-units\/mobil-tibbi-atik-aritma-istasyonu-2\/\" style=\"--ratio: 626 \/ 248;box-shadow:5px 5px 5px 5px rgba(0,0,0,0.6); -webkit-box-shadow:5px 5px 5px 5px rgba(0,0,0,0.6); border-radius:5px;\" alt=\"Mobile Medical Waste Treatment\" title=\"\"><\/div><\/div><\/div><\/div><\/div><\/div><div class=\"mobil-title wpb_column vc_column_container vc_col-sm-8 vc_col-lg-offset-0 vc_col-lg-6 vc_col-md-offset-0 vc_col-md-6 vc_col-sm-offset-2 vc_col-xs-12\"><div class=\"vc_column-inner\"><div class=\"wpb_wrapper\"><div id=\"ultimate-heading-286169f8bb00c2650\" class=\"uvc-heading ult-adjust-bottom-margin ultimate-heading-286169f8bb00c2650 uvc-8270 color-title accent-title-color\" data-hspacer=\"no_spacer\"  data-halign=\"left\" style=\"text-align:left\"><div class=\"uvc-heading-spacer no_spacer\" style=\"top\"><\/div><div class=\"uvc-main-heading ult-responsive\"  data-ultimate-target='.uvc-heading.ultimate-heading-286169f8bb00c2650 h2'  data-responsive-json-new='{\"font-size\":\"desktop:20px;\",\"line-height\":\"desktop:26px;\"}' ><h2 style=\"font-weight:bold;margin-bottom:5px;\">Mobile Medical Waste Treatment<\/h2><\/div><\/div>\n\t<div class=\"wpb_text_column wpb_content_element  vc_custom_1672647351113\" >\n\t\t<div class=\"wpb_wrapper\">\n\t\t\t<p>TMS Mobile Medical Waste Treatment Station, caters to many other customized demands, such as in military field hospital, emergency situations such as nature disaster and epidemic diseases (earthquake, Ebola and MERS), or taking care of marine and island\u2019s medical waste.<\/p>\n\n\t\t<\/div>\n\t<\/div>\n<div class=\"standard-arrow list-divider bullet-top\"><ul>\n<li>The system is composed of autoclave and shredder system, boiler and dedicated power generator<\/li>\n<li>It works 24\/7 as long as water and diesel available<\/li>\n<\/ul>\n<\/div><style type=\"text\/css\" data-type=\"the7_shortcodes-inline-css\">#default-btn-3f5f12deb7311f8d1d01ec9cc559fca9.ico-right-side > i {\n  margin-right: 0px;\n  margin-left: 8px;\n}\n#default-btn-3f5f12deb7311f8d1d01ec9cc559fca9 > i {\n  margin-right: 8px;\n}<\/style><a href=\"https:\/\/tms-medical.com\/en\/contact\/\" class=\"default-btn-shortcode dt-btn dt-btn-m link-hover-off btn-inline-left  vc_custom_1667213487083\" id=\"default-btn-3f5f12deb7311f8d1d01ec9cc559fca9\"><span>CONTACT US !<\/span><\/a><span id=\"creative-link-wrap-1923\" class=\"ult_main_cl ult-adjust-bottom-margin\" >\n\t \t\t\t<span class=\"ult_cl_link_6  ult_crlink\" >\n\t\t\t\t\t<a  data-ultimate-target='#creative-link-wrap-1923 .ult_colorlink'  data-responsive-json-new='{\"font-size\":\"\",\"line-height\":\"\"}'  href=\"https:\/\/tms-medical.com\/en\/support-and-service-units\/\" target=\"_blank\" rel=\"noopener\"  class=\"ult_colorlink ult-responsive  vc_custom_1673431156814\" style=\"float:left;font-weight:normal;color:#0377c9; \"  data-textcolor=\"#1b346d\" data-texthover=\"#0377c9\"data-style=\"Style_6\">\n\t\t\t\t\t\t\n\t\t\t\t\t\t<span data-hover=\"T\u00fcm\u00fcn\u00fc G\u00f6ster\" style=\"color:#1b346d;;;\" class=\"ult_btn10_span\">All View<\/span>\n\t\t\t\t\t\t<span class=\"ult_btn6_link_top\" data-color=\"#333333\">\u2022<\/span>\n\t\t\t\t\t<\/a>\n\t\t\t\t<\/span>\n\t\t\t<\/span><\/div><\/div><\/div><\/div>\n<\/div>","protected":false},"excerpt":{"rendered":"<p>Mobil T\u0131bbi At\u0131k Ar\u0131tma \u0130stasyonu TMS Mobil T\u0131bbi At\u0131k Ar\u0131tma \u0130stasyonu, askeri sahra hastanesi, do\u011fa afeti ve salg\u0131n hastal\u0131klar (deprem, Ebola ve MERS) gibi acil durumlar veya deniz ve ada t\u0131bbi at\u0131klar\u0131n\u0131n bak\u0131m\u0131 gibi di\u011fer bir\u00e7ok \u00f6zelle\u015ftirilmi\u015f talebi kar\u015f\u0131lar. Sistem, otoklav ve par\u00e7alay\u0131c\u0131 sistem, kazan ve \u00f6zel g\u00fc\u00e7 jenerat\u00f6r\u00fcnden olu\u015fmaktad\u0131r Su ve mazot oldu\u011fu s\u00fcrece&hellip;<\/p>","protected":false},"author":1,"featured_media":0,"parent":0,"menu_order":500,"comment_status":"closed","ping_status":"closed","template":"","meta":{"inline_featured_image":false,"footnotes":""},"class_list":["post-50326","page","type-page","status-publish","hentry","description-off"],"_links":{"self":[{"href":"https:\/\/tms-medical.com\/en\/wp-json\/wp\/v2\/pages\/50326","targetHints":{"allow":["GET"]}}],"collection":[{"href":"https:\/\/tms-medical.com\/en\/wp-json\/wp\/v2\/pages"}],"about":[{"href":"https:\/\/tms-medical.com\/en\/wp-json\/wp\/v2\/types\/page"}],"author":[{"embeddable":true,"href":"https:\/\/tms-medical.com\/en\/wp-json\/wp\/v2\/users\/1"}],"replies":[{"embeddable":true,"href":"https:\/\/tms-medical.com\/en\/wp-json\/wp\/v2\/comments?post=50326"}],"version-history":[{"count":0,"href":"https:\/\/tms-medical.com\/en\/wp-json\/wp\/v2\/pages\/50326\/revisions"}],"wp:attachment":[{"href":"https:\/\/tms-medical.com\/en\/wp-json\/wp\/v2\/media?parent=50326"}],"curies":[{"name":"wp","href":"https:\/\/api.w.org\/{rel}","templated":true}]}}