{"id":3142,"date":"2022-12-02T14:19:42","date_gmt":"2022-12-02T11:19:42","guid":{"rendered":"https:\/\/tms-medical.com\/?page_id=3142"},"modified":"2024-04-22T16:53:58","modified_gmt":"2024-04-22T13:53:58","slug":"mobil-hastane-ve-klinikler","status":"publish","type":"page","link":"https:\/\/tms-medical.com\/en\/mobile-hospital-and-clinics\/","title":{"rendered":"Mobile Hospital and Clinics"},"content":{"rendered":"<div class=\"wpb-content-wrapper\"><div class=\"vc_row wpb_row vc_row-fluid mobil vc_custom_1668607629102 vc_row-o-equal-height vc_row-flex\"><div class=\"wpb_column vc_column_container vc_col-sm-4 vc_col-lg-4 vc_col-md-4 vc_col-xs-12\"><div class=\"vc_column-inner vc_custom_1668000141338\"><div class=\"wpb_wrapper\"><div class=\"vc_row wpb_row vc_inner vc_row-fluid\"><div class=\"wpb_column vc_column_container vc_col-sm-12\"><div class=\"vc_column-inner\"><div class=\"wpb_wrapper\"><style type=\"text\/css\" data-type=\"the7_shortcodes-inline-css\">.shortcode-single-image-wrap.shortcode-single-image-31faaa1736772d6f0abd9a9405b5e240.enable-bg-rollover .rollover i,\n.shortcode-single-image-wrap.shortcode-single-image-31faaa1736772d6f0abd9a9405b5e240.enable-bg-rollover .rollover-video i {\n  background: -webkit-linear-gradient();\n  background: linear-gradient();\n}\n.shortcode-single-image-wrap.shortcode-single-image-31faaa1736772d6f0abd9a9405b5e240 .rollover-icon {\n  font-size: 32px;\n  color: #ffffff;\n  min-width: 44px;\n  min-height: 44px;\n  line-height: 44px;\n  border-radius: 100px;\n  border-style: solid;\n  border-width: 0px;\n}\n.dt-icon-bg-on.shortcode-single-image-wrap.shortcode-single-image-31faaa1736772d6f0abd9a9405b5e240 .rollover-icon {\n  background: rgba(255,255,255,0.3);\n  box-shadow: none;\n}<\/style><div class=\"shortcode-single-image-wrap shortcode-single-image-31faaa1736772d6f0abd9a9405b5e240 alignnone  vc_custom_1669987091334 enable-bg-rollover dt-icon-bg-off\" ><div class=\"shortcode-single-image\"><div class=\"fancy-media-wrap\" style=\"border-radius:5px;\"><a href=\"https:\/\/tms-medical.com\/en\/mobile-health-vehicles\/\" class=\"layzr-bg rollover\" style=\"border-radius:5px;\" target=\"_blank\" rel=\"noopener\" aria-label=\"Image\"><img fetchpriority=\"high\" decoding=\"async\" class=\"preload-me lazy-load aspect\" src=\"data:image\/svg+xml,%3Csvg%20xmlns%3D&#039;http%3A%2F%2Fwww.w3.org%2F2000%2Fsvg&#039;%20viewBox%3D&#039;0%200%20330%20210&#039;%2F%3E\" data-src=\"https:\/\/tms-medical.com\/wp-content\/uploads\/2022\/12\/tms-mobil-hospitals-330x210.png\" data-srcset=\"https:\/\/tms-medical.com\/wp-content\/uploads\/2022\/12\/tms-mobil-hospitals-330x210.png 330w, https:\/\/tms-medical.com\/wp-content\/uploads\/2022\/12\/tms-mobil-hospitals-660x420.png 660w\" loading=\"eager\" style=\"--ratio: 330 \/ 210\" sizes=\"(max-width: 330px) 100vw, 330px\" width=\"330\" height=\"210\" data-dt-location=\"https:\/\/tms-medical.com\/en\/mobile-hospital-and-clinics\/tms-mobil-hospitals\/\" alt=\"\" title=\"\"><\/a><\/div><\/div><\/div><div id=\"ultimate-heading-985269e73bd1e73ca\" class=\"uvc-heading ult-adjust-bottom-margin ultimate-heading-985269e73bd1e73ca uvc-6408 color-title\" data-hspacer=\"no_spacer\"  data-halign=\"center\" style=\"text-align:center\"><div class=\"uvc-heading-spacer no_spacer\" style=\"top\"><\/div><div class=\"uvc-main-heading ult-responsive\"  data-ultimate-target='.uvc-heading.ultimate-heading-985269e73bd1e73ca h2'  data-responsive-json-new='{\"font-size\":\"desktop:20px;\",\"line-height\":\"desktop:30px;\"}' ><h2 style=\"font-weight:bold;color:#007bff;\">MOBILE HEALTH VEHICLES<\/h2><\/div><\/div>\n\t<div class=\"wpb_text_column wpb_content_element  vc_custom_1669986983185\" >\n\t\t<div class=\"wpb_wrapper\">\n\t\t\t<p style=\"text-align: center;\">TMS takes its place in the sector as a leader and innovative company in rapidly deployable, civil and military, health and other purpose mobile solutions.<\/p>\n\n\t\t<\/div>\n\t<\/div>\n<style type=\"text\/css\" data-type=\"the7_shortcodes-inline-css\">#default-btn-8fe6187977f08b4324f8e284941bafa6.ico-right-side > i {\n  margin-right: 0px;\n  margin-left: 8px;\n}\n#default-btn-8fe6187977f08b4324f8e284941bafa6 > i {\n  margin-right: 8px;\n}<\/style><div class=\"btn-align-center\"><a href=\"https:\/\/tms-medical.com\/en\/mobile-health-vehicles\/\" class=\"default-btn-shortcode dt-btn dt-btn-m link-hover-off  vc_custom_1713793963371\" target=\"_blank\" id=\"default-btn-8fe6187977f08b4324f8e284941bafa6\" title=\"Mobile Health Vehicles\" rel=\"noopener\"><span>DETAILS<\/span><\/a><\/div><\/div><\/div><\/div><\/div><\/div><\/div><\/div><div class=\"wpb_column vc_column_container vc_col-sm-4 vc_col-lg-4 vc_col-md-4 vc_col-xs-12\"><div class=\"vc_column-inner vc_custom_1668000106229\"><div class=\"wpb_wrapper\"><div class=\"vc_row wpb_row vc_inner vc_row-fluid\"><div class=\"wpb_column vc_column_container vc_col-sm-12\"><div class=\"vc_column-inner\"><div class=\"wpb_wrapper\"><style type=\"text\/css\" data-type=\"the7_shortcodes-inline-css\">.shortcode-single-image-wrap.shortcode-single-image-5e2cbc6c391db434032717da1764488c.enable-bg-rollover .rollover i,\n.shortcode-single-image-wrap.shortcode-single-image-5e2cbc6c391db434032717da1764488c.enable-bg-rollover .rollover-video i {\n  background: -webkit-linear-gradient();\n  background: linear-gradient();\n}\n.shortcode-single-image-wrap.shortcode-single-image-5e2cbc6c391db434032717da1764488c .rollover-icon {\n  font-size: 32px;\n  color: #ffffff;\n  min-width: 44px;\n  min-height: 44px;\n  line-height: 44px;\n  border-radius: 100px;\n  border-style: solid;\n  border-width: 0px;\n}\n.dt-icon-bg-on.shortcode-single-image-wrap.shortcode-single-image-5e2cbc6c391db434032717da1764488c .rollover-icon {\n  background: rgba(255,255,255,0.3);\n  box-shadow: none;\n}<\/style><div class=\"shortcode-single-image-wrap shortcode-single-image-5e2cbc6c391db434032717da1764488c alignnone  vc_custom_1691670668083 enable-bg-rollover dt-icon-bg-off\" ><div class=\"shortcode-single-image\"><div class=\"fancy-media-wrap\" style=\"border-radius:5px;\"><a href=\"https:\/\/tms-medical.com\/en\/field-hospital\/\" class=\"layzr-bg rollover\" style=\"border-radius:5px;\" target=\"_blank\" rel=\"noopener\" aria-label=\"Image\"><img decoding=\"async\" class=\"preload-me lazy-load aspect\" src=\"data:image\/svg+xml,%3Csvg%20xmlns%3D&#039;http%3A%2F%2Fwww.w3.org%2F2000%2Fsvg&#039;%20viewBox%3D&#039;0%200%20330%20210&#039;%2F%3E\" data-src=\"https:\/\/tms-medical.com\/wp-content\/uploads\/2023\/08\/Level-2-Sahra-Hastaneleri-330x210.jpeg\" data-srcset=\"https:\/\/tms-medical.com\/wp-content\/uploads\/2023\/08\/Level-2-Sahra-Hastaneleri-330x210.jpeg 330w, https:\/\/tms-medical.com\/wp-content\/uploads\/2023\/08\/Level-2-Sahra-Hastaneleri-660x420.jpeg 660w\" loading=\"eager\" style=\"--ratio: 330 \/ 210\" sizes=\"(max-width: 330px) 100vw, 330px\" width=\"330\" height=\"210\" data-dt-location=\"https:\/\/tms-medical.com\/en\/level-2-field-hospital\/level-2-sahra-hastaneleri-2\/\" alt=\"Level 2 Field Hospital\" title=\"\"><\/a><\/div><\/div><\/div><div id=\"ultimate-heading-922369e73bd1e9e87\" class=\"uvc-heading ult-adjust-bottom-margin ultimate-heading-922369e73bd1e9e87 uvc-6237 color-title\" data-hspacer=\"no_spacer\"  data-halign=\"center\" style=\"text-align:center\"><div class=\"uvc-heading-spacer no_spacer\" style=\"top\"><\/div><div class=\"uvc-main-heading ult-responsive\"  data-ultimate-target='.uvc-heading.ultimate-heading-922369e73bd1e9e87 h2'  data-responsive-json-new='{\"font-size\":\"desktop:20px;\",\"line-height\":\"desktop:30px;\"}' ><h2 style=\"font-weight:bold;color:#007bff;\">FIELD HOSPITAL<\/h2><\/div><\/div>\n\t<div class=\"wpb_text_column wpb_content_element  vc_custom_1669987181935\" >\n\t\t<div class=\"wpb_wrapper\">\n\t\t\t<p style=\"text-align: center;\">As an independent facility, TMS Field Hospitals meet all the units (from the operating room to the clinics) that should be in a hospital in case of a disaster.<\/p>\n\n\t\t<\/div>\n\t<\/div>\n<style type=\"text\/css\" data-type=\"the7_shortcodes-inline-css\">#default-btn-7843ea08c4de22bee55e3cb950933e48.ico-right-side > i {\n  margin-right: 0px;\n  margin-left: 8px;\n}\n#default-btn-7843ea08c4de22bee55e3cb950933e48 > i {\n  margin-right: 8px;\n}<\/style><div class=\"btn-align-center\"><a href=\"https:\/\/tms-medical.com\/en\/field-hospital\/\" class=\"default-btn-shortcode dt-btn dt-btn-m link-hover-off  vc_custom_1713794022317\" target=\"_blank\" id=\"default-btn-7843ea08c4de22bee55e3cb950933e48\" title=\"Field Hospital\" rel=\"noopener\"><span>DETAILS<\/span><\/a><\/div><\/div><\/div><\/div><\/div><\/div><\/div><\/div><div class=\"wpb_column vc_column_container vc_col-sm-4 vc_col-lg-4 vc_col-md-4 vc_col-xs-12\"><div class=\"vc_column-inner vc_custom_1498639502093\"><div class=\"wpb_wrapper\"><div class=\"vc_row wpb_row vc_inner vc_row-fluid\"><div class=\"wpb_column vc_column_container vc_col-sm-12\"><div class=\"vc_column-inner\"><div class=\"wpb_wrapper\"><style type=\"text\/css\" data-type=\"the7_shortcodes-inline-css\">.shortcode-single-image-wrap.shortcode-single-image-a78ee1541e8695730e8e5b487cf89943.enable-bg-rollover .rollover i,\n.shortcode-single-image-wrap.shortcode-single-image-a78ee1541e8695730e8e5b487cf89943.enable-bg-rollover .rollover-video i {\n  background: -webkit-linear-gradient();\n  background: linear-gradient();\n}\n.shortcode-single-image-wrap.shortcode-single-image-a78ee1541e8695730e8e5b487cf89943 .rollover-icon {\n  font-size: 32px;\n  color: #ffffff;\n  min-width: 44px;\n  min-height: 44px;\n  line-height: 44px;\n  border-radius: 100px;\n  border-style: solid;\n  border-width: 0px;\n}\n.dt-icon-bg-on.shortcode-single-image-wrap.shortcode-single-image-a78ee1541e8695730e8e5b487cf89943 .rollover-icon {\n  background: rgba(255,255,255,0.3);\n  box-shadow: none;\n}<\/style><div class=\"shortcode-single-image-wrap shortcode-single-image-a78ee1541e8695730e8e5b487cf89943 alignnone  vc_custom_1669988304138 enable-bg-rollover dt-icon-bg-off\" ><div class=\"shortcode-single-image\"><div class=\"fancy-media-wrap\" style=\"border-radius:5px;\"><a href=\"https:\/\/tms-medical.com\/en\/support-and-service-units\/\" class=\"layzr-bg rollover\" style=\"border-radius:5px;\" target=\"_blank\" rel=\"noopener\" aria-label=\"Image\"><img decoding=\"async\" class=\"preload-me lazy-load aspect\" src=\"data:image\/svg+xml,%3Csvg%20xmlns%3D&#039;http%3A%2F%2Fwww.w3.org%2F2000%2Fsvg&#039;%20viewBox%3D&#039;0%200%20330%20210&#039;%2F%3E\" data-src=\"https:\/\/tms-medical.com\/wp-content\/uploads\/2022\/11\/Laboratuvar_3-330x210.png\" data-srcset=\"https:\/\/tms-medical.com\/wp-content\/uploads\/2022\/11\/Laboratuvar_3-330x210.png 330w, https:\/\/tms-medical.com\/wp-content\/uploads\/2022\/11\/Laboratuvar_3-660x420.png 660w\" loading=\"eager\" style=\"--ratio: 330 \/ 210\" sizes=\"(max-width: 330px) 100vw, 330px\" width=\"330\" height=\"210\" data-dt-location=\"https:\/\/tms-medical.com\/en\/laboratory\/laboratuvar_3\/\" alt=\"Laboratuvar_3\" title=\"\"><\/a><\/div><\/div><\/div><div id=\"ultimate-heading-969169e73bd1ec837\" class=\"uvc-heading ult-adjust-bottom-margin ultimate-heading-969169e73bd1ec837 uvc-8784 color-title\" data-hspacer=\"no_spacer\"  data-halign=\"center\" style=\"text-align:center\"><div class=\"uvc-heading-spacer no_spacer\" style=\"top\"><\/div><div class=\"uvc-main-heading ult-responsive\"  data-ultimate-target='.uvc-heading.ultimate-heading-969169e73bd1ec837 h2'  data-responsive-json-new='{\"font-size\":\"desktop:20px;\",\"line-height\":\"desktop:30px;\"}' ><h2 style=\"font-weight:bold;color:#007bff;\">SUPPORT and SERVICE UNITS<\/h2><\/div><\/div>\n\t<div class=\"wpb_text_column wpb_content_element  vc_custom_1669988233014\" >\n\t\t<div class=\"wpb_wrapper\">\n\t\t\t<p style=\"text-align: center;\">TMS has not only designed and realized mobile kitchens on extensible shelters, rigid trucks and semitrailers, but also banquet halls able to welcome up to 200 seated guests in a \"fixed\" and perfectly closed area of 170sqm,<\/p>\n\n\t\t<\/div>\n\t<\/div>\n<style type=\"text\/css\" data-type=\"the7_shortcodes-inline-css\">#default-btn-8be41bbadd4c52af47347ebbbc6abe30.ico-right-side > i {\n  margin-right: 0px;\n  margin-left: 8px;\n}\n#default-btn-8be41bbadd4c52af47347ebbbc6abe30 > i {\n  margin-right: 8px;\n}<\/style><div class=\"btn-align-center\"><a href=\"https:\/\/tms-medical.com\/en\/support-and-service-units\/\" class=\"default-btn-shortcode dt-btn dt-btn-m link-hover-off  vc_custom_1713794036837\" target=\"_blank\" id=\"default-btn-8be41bbadd4c52af47347ebbbc6abe30\" title=\"Support and Service Units\" rel=\"noopener\"><span>DETAILS<\/span><\/a><\/div><\/div><\/div><\/div><\/div><\/div><\/div><\/div><\/div>\n<\/div>","protected":false},"excerpt":{"rendered":"<p>MOB\u0130L SA\u011eLIK ARA\u00c7LARI TMS h\u0131zl\u0131 konu\u015fland\u0131rabilir, sivil ve askeri, sa\u011fl\u0131k ve di\u011fer ama\u00e7l\u0131 seyyar \u00e7\u00f6z\u00fcmlerde lider ve yenilik\u00e7i bir firma olarak sekt\u00f6rde yerini almaktad\u0131r. SAHRA HASTANES\u0130 TMS Sahra Hastaneleri ba\u011f\u0131ms\u0131z bir tesis olarak, bir afet durumunda bir hastanede olmas\u0131 gereken t\u00fcm birimleri (ameliyathanesinden kliniklerine kadar) kar\u015f\u0131lamaktad\u0131r. DESTEK VE SERV\u0130S \u00dcN\u0130TELER\u0130 TMS geni\u015fleyebilen sistemler, sabit kamyonlar&hellip;<\/p>","protected":false},"author":1,"featured_media":0,"parent":0,"menu_order":100,"comment_status":"closed","ping_status":"closed","template":"","meta":{"inline_featured_image":false,"footnotes":""},"class_list":["post-3142","page","type-page","status-publish","hentry","description-off"],"_links":{"self":[{"href":"https:\/\/tms-medical.com\/en\/wp-json\/wp\/v2\/pages\/3142","targetHints":{"allow":["GET"]}}],"collection":[{"href":"https:\/\/tms-medical.com\/en\/wp-json\/wp\/v2\/pages"}],"about":[{"href":"https:\/\/tms-medical.com\/en\/wp-json\/wp\/v2\/types\/page"}],"author":[{"embeddable":true,"href":"https:\/\/tms-medical.com\/en\/wp-json\/wp\/v2\/users\/1"}],"replies":[{"embeddable":true,"href":"https:\/\/tms-medical.com\/en\/wp-json\/wp\/v2\/comments?post=3142"}],"version-history":[{"count":2,"href":"https:\/\/tms-medical.com\/en\/wp-json\/wp\/v2\/pages\/3142\/revisions"}],"predecessor-version":[{"id":50807,"href":"https:\/\/tms-medical.com\/en\/wp-json\/wp\/v2\/pages\/3142\/revisions\/50807"}],"wp:attachment":[{"href":"https:\/\/tms-medical.com\/en\/wp-json\/wp\/v2\/media?parent=3142"}],"curies":[{"name":"wp","href":"https:\/\/api.w.org\/{rel}","templated":true}]}}