{"id":3040,"date":"2022-11-29T12:09:22","date_gmt":"2022-11-29T09:09:22","guid":{"rendered":"https:\/\/tms-medical.com\/?page_id=3040"},"modified":"2023-01-26T16:55:05","modified_gmt":"2023-01-26T13:55:05","slug":"teknik-servis-hizmeti","status":"publish","type":"page","link":"https:\/\/tms-medical.com\/en\/technical-services\/","title":{"rendered":"Technical Service"},"content":{"rendered":"<div class=\"wpb-content-wrapper\"><div class=\"vc_row wpb_row vc_row-fluid vc_custom_1669642322045 vc_row-o-equal-height vc_row-flex\"><div class=\"wpb_column vc_column_container vc_col-sm-6 vc_col-lg-offset-0 vc_col-lg-6 vc_col-md-offset-0 vc_col-md-6 vc_col-sm-offset-2 vc_col-xs-12\"><div class=\"vc_column-inner\"><div class=\"wpb_wrapper\"><style type=\"text\/css\" data-type=\"the7_shortcodes-inline-css\">.shortcode-single-image-wrap.shortcode-single-image-987a294d5bbbe06b6604c12acce8e5da.enable-bg-rollover .rollover i,\n.shortcode-single-image-wrap.shortcode-single-image-987a294d5bbbe06b6604c12acce8e5da.enable-bg-rollover .rollover-video i {\n  background: -webkit-linear-gradient();\n  background: linear-gradient();\n}\n.shortcode-single-image-wrap.shortcode-single-image-987a294d5bbbe06b6604c12acce8e5da .rollover-icon {\n  font-size: 32px;\n  color: #ffffff;\n  min-width: 44px;\n  min-height: 44px;\n  line-height: 44px;\n  border-radius: 100px;\n  border-style: solid;\n  border-width: 0px;\n}\n.dt-icon-bg-on.shortcode-single-image-wrap.shortcode-single-image-987a294d5bbbe06b6604c12acce8e5da .rollover-icon {\n  background: rgba(255,255,255,0.3);\n  box-shadow: none;\n}<\/style><div class=\"shortcode-single-image-wrap shortcode-single-image-987a294d5bbbe06b6604c12acce8e5da alignnone  enable-bg-rollover dt-icon-bg-off\" style=\"margin-top:0px; margin-bottom:0px; margin-left:0px; margin-right:0px; width:1080px;\"><div class=\"shortcode-single-image\"><div class=\"fancy-media-wrap  layzr-bg\" style=\"border-radius:5px;\"><img fetchpriority=\"high\" decoding=\"async\" class=\"preload-me lazy-load aspect\" src=\"https:\/\/tms-medical.com\/wp-content\/uploads\/2022\/12\/Technical-Service.jpg\" data-src=\"https:\/\/tms-medical.com\/wp-content\/uploads\/2022\/12\/Technical-Service.jpg\" data-srcset=\"https:\/\/tms-medical.com\/wp-content\/uploads\/2022\/12\/Technical-Service.jpg 1080w, https:\/\/tms-medical.com\/wp-content\/uploads\/2022\/12\/Technical-Service-600x400.jpg 600w, https:\/\/tms-medical.com\/wp-content\/uploads\/2022\/12\/Technical-Service-300x200.jpg 300w, https:\/\/tms-medical.com\/wp-content\/uploads\/2022\/12\/Technical-Service-1024x683.jpg 1024w, https:\/\/tms-medical.com\/wp-content\/uploads\/2022\/12\/Technical-Service-768x512.jpg 768w, https:\/\/tms-medical.com\/wp-content\/uploads\/2022\/12\/Technical-Service-18x12.jpg 18w\" loading=\"eager\" sizes=\"(max-width: 1080px) 100vw, 1080px\" width=\"1080\" height=\"720\" data-dt-location=\"https:\/\/tms-medical.com\/en\/technical-services\/teknik_servis_hizmeti\/\" style=\"--ratio: 1080 \/ 720;box-shadow:5px 5px 5px 5px rgba(0,0,0,0.6); -webkit-box-shadow:5px 5px 5px 5px rgba(0,0,0,0.6); border-radius:5px;\" alt=\"Technical Service\" title=\"\"><\/div><\/div><\/div><\/div><\/div><\/div><div class=\"wpb_column vc_column_container vc_col-sm-6 vc_col-lg-offset-0 vc_col-lg-6 vc_col-md-offset-0 vc_col-md-6 vc_col-sm-offset-2 vc_col-xs-12\"><div class=\"vc_column-inner\"><div class=\"wpb_wrapper\"><div id=\"ultimate-heading-231069f397fbc43ff\" class=\"uvc-heading ult-adjust-bottom-margin ultimate-heading-231069f397fbc43ff uvc-3338 color-title accent-title-color\" data-hspacer=\"no_spacer\"  data-halign=\"left\" style=\"text-align:left\"><div class=\"uvc-heading-spacer no_spacer\" style=\"top\"><\/div><div class=\"uvc-main-heading ult-responsive\"  data-ultimate-target='.uvc-heading.ultimate-heading-231069f397fbc43ff h2'  data-responsive-json-new='{\"font-size\":\"desktop:25px;\",\"line-height\":\"desktop:26px;\"}' ><h2 style=\"font-weight:bold;margin-bottom:5px;\">TECHNICAL SERVICE<\/h2><\/div><div class=\"uvc-sub-heading ult-responsive\"  data-ultimate-target='.uvc-heading.ultimate-heading-231069f397fbc43ff .uvc-sub-heading '  data-responsive-json-new='{\"font-size\":\"desktop:22px;\",\"line-height\":\"desktop:26px;\"}'  style=\"font-family:&#039;Open Sans Condensed&#039;;font-weight:700;margin-bottom:20px;\"><span class=\"dt-highlight\" ><\/span><\/div><\/div>\n\t<div class=\"wpb_text_column wpb_content_element\" >\n\t\t<div class=\"wpb_wrapper\">\n\t\t\t<p>As TMS Medical Devices, we aim to keep customer satisfaction at the highest level and carry out the technical service and maintenance, repair and spare parts supply activities with a professional approach with our expert staff.<\/p>\n<p>In order to respond to customer demands as soon as possible and to reach a solution, we provide service to the contracted institutions 24 hours a day, 7 days a week, and provide after-sales spare parts supply.<\/p>\n\n\t\t<\/div>\n\t<\/div>\n<div id=\"ultimate-heading-683969f397fbc4e1c\" class=\"uvc-heading ult-adjust-bottom-margin ultimate-heading-683969f397fbc4e1c uvc-748  uvc-heading-default-font-sizes\" data-hspacer=\"line_only\"  data-halign=\"left\" style=\"text-align:left\"><div class=\"uvc-main-heading ult-responsive\"  data-ultimate-target='.uvc-heading.ultimate-heading-683969f397fbc4e1c h3'  data-responsive-json-new='{\"font-size\":\"\",\"line-height\":\"\"}' ><h3 style=\"--font-weight:theme;margin-top:20px;\">Our SERVICES<\/h3><\/div><div class=\"uvc-heading-spacer line_only\" style=\"margin-top:10px;margin-bottom:20px;height:1px;\"><span class=\"uvc-headings-line\" style=\"border-style:solid;border-bottom-width:1px;border-color:#ccc;width:autopx;\"><\/span><\/div><\/div>\n\t<div class=\"wpb_text_column wpb_content_element\" >\n\t\t<div class=\"wpb_wrapper\">\n\t\t\t<p>Maintenance and repairs of all brands and models of devices such as anesthesia device, bedside monitor, ventilator, vaporizer are carried out by our technical service unit.<\/p>\n<p>Your devices are secured with periodic maintenance as a result of maintenance agreements.<\/p>\n\n\t\t<\/div>\n\t<\/div>\n<div id=\"ultimate-heading-962569f397fbc4f73\" class=\"uvc-heading ult-adjust-bottom-margin ultimate-heading-962569f397fbc4f73 uvc-8928  uvc-heading-default-font-sizes\" data-hspacer=\"line_only\"  data-halign=\"left\" style=\"text-align:left\"><div class=\"uvc-main-heading ult-responsive\"  data-ultimate-target='.uvc-heading.ultimate-heading-962569f397fbc4f73 h4'  data-responsive-json-new='{\"font-size\":\"\",\"line-height\":\"\"}' ><h4 style=\"--font-weight:theme;margin-top:20px;\">SERVICE center<\/h4><\/div><div class=\"uvc-heading-spacer line_only\" style=\"margin-top:10px;margin-bottom:20px;height:1px;\"><span class=\"uvc-headings-line\" style=\"border-style:solid;border-bottom-width:1px;border-color:#ccc;width:autopx;\"><\/span><\/div><\/div>\n\t<div class=\"wpb_text_column wpb_content_element\" >\n\t\t<div class=\"wpb_wrapper\">\n\t\t\t<p>If there is a need for technical support regarding our products, you will be contacted as soon as possible if you call <a href=\"tel: 05465010074\"><span style=\"color: #0000ff;\">0546 501 00 74<\/span><\/a> phone <span style=\"color: #0000ff;\"><a style=\"color: #0000ff;\" href=\"mailto:teknikservis@tms-medical.com\">teknikservis@tms-medical.com<\/a><\/span> or <span style=\"color: #0000ff;\"><a style=\"color: #0000ff;\" href=\"mailto:info@tms-medical.com\">info@tms-medical.com<\/a> <\/span>send an e-mail to<\/p>\n\n\t\t<\/div>\n\t<\/div>\n<\/div><\/div><\/div><\/div>\n<\/div>","protected":false},"excerpt":{"rendered":"<p>Teknik Servis TMS T\u0131bbi Cihaz olarak m\u00fc\u015fteri memnuniyetini en \u00fcst d\u00fczeyde tutmay\u0131 hedefleyerek sundu\u011fumuz teknik servis hizmeti ile bak\u0131m, onar\u0131m ve yedek par\u00e7a sa\u011flanmas\u0131 faaliyetlerini, konusunda uzman personellerimizle profesyonel bir yakla\u015f\u0131mla y\u00fcr\u00fctmekteyiz. M\u00fc\u015fteri taleplerine en k\u0131sa s\u00fcrede cevap vermek ve \u00e7\u00f6z\u00fcme ula\u015fmak amac\u0131yla anla\u015fmal\u0131 oldu\u011fumuz kurumlara haftan\u0131n 7 g\u00fcn\u00fc 24 saat hizmet vermekte ve sat\u0131\u015f&hellip;<\/p>","protected":false},"author":1,"featured_media":0,"parent":0,"menu_order":500,"comment_status":"closed","ping_status":"closed","template":"","meta":{"inline_featured_image":false,"footnotes":""},"class_list":["post-3040","page","type-page","status-publish","hentry","description-off"],"_links":{"self":[{"href":"https:\/\/tms-medical.com\/en\/wp-json\/wp\/v2\/pages\/3040","targetHints":{"allow":["GET"]}}],"collection":[{"href":"https:\/\/tms-medical.com\/en\/wp-json\/wp\/v2\/pages"}],"about":[{"href":"https:\/\/tms-medical.com\/en\/wp-json\/wp\/v2\/types\/page"}],"author":[{"embeddable":true,"href":"https:\/\/tms-medical.com\/en\/wp-json\/wp\/v2\/users\/1"}],"replies":[{"embeddable":true,"href":"https:\/\/tms-medical.com\/en\/wp-json\/wp\/v2\/comments?post=3040"}],"version-history":[{"count":0,"href":"https:\/\/tms-medical.com\/en\/wp-json\/wp\/v2\/pages\/3040\/revisions"}],"wp:attachment":[{"href":"https:\/\/tms-medical.com\/en\/wp-json\/wp\/v2\/media?parent=3040"}],"curies":[{"name":"wp","href":"https:\/\/api.w.org\/{rel}","templated":true}]}}