{"id":2859,"date":"2022-11-24T17:54:52","date_gmt":"2022-11-24T14:54:52","guid":{"rendered":"https:\/\/tms-medical.com\/?page_id=2859"},"modified":"2023-02-01T15:51:31","modified_gmt":"2023-02-01T12:51:31","slug":"mobil-tuvalet-ve-banyo","status":"publish","type":"page","link":"https:\/\/tms-medical.com\/en\/mobile-toilet-and-shower\/","title":{"rendered":"Mobil Tuvalet ve Banyo"},"content":{"rendered":"<div class=\"wpb-content-wrapper\"><div class=\"vc_row wpb_row vc_row-fluid vc_custom_1673509720871 vc_row-o-equal-height vc_row-o-content-top vc_row-flex\"><div class=\"wpb_column vc_column_container vc_col-sm-8 vc_col-lg-offset-0 vc_col-lg-6 vc_col-md-offset-0 vc_col-md-6 vc_col-sm-offset-2 vc_col-xs-12\"><div class=\"vc_column-inner\"><div class=\"wpb_wrapper\"><style type=\"text\/css\" data-type=\"the7_shortcodes-inline-css\">.shortcode-single-image-wrap.shortcode-single-image-2bda407c0b8493114735259910e8a88b.enable-bg-rollover .rollover i,\n.shortcode-single-image-wrap.shortcode-single-image-2bda407c0b8493114735259910e8a88b.enable-bg-rollover .rollover-video i {\n  background: -webkit-linear-gradient();\n  background: linear-gradient();\n}\n.shortcode-single-image-wrap.shortcode-single-image-2bda407c0b8493114735259910e8a88b .rollover-icon {\n  font-size: 32px;\n  color: #ffffff;\n  min-width: 44px;\n  min-height: 44px;\n  line-height: 44px;\n  border-radius: 100px;\n  border-style: solid;\n  border-width: 0px;\n}\n.dt-icon-bg-on.shortcode-single-image-wrap.shortcode-single-image-2bda407c0b8493114735259910e8a88b .rollover-icon {\n  background: rgba(255,255,255,0.3);\n  box-shadow: none;\n}<\/style><div class=\"shortcode-single-image-wrap shortcode-single-image-2bda407c0b8493114735259910e8a88b alignnone  enable-bg-rollover dt-icon-bg-off\" style=\"margin-top:0px; margin-bottom:0px; margin-left:0px; margin-right:0px; width:500px;\"><div class=\"shortcode-single-image\"><div class=\"fancy-media-wrap  layzr-bg\" style=\"border-radius:5px;\"><img fetchpriority=\"high\" decoding=\"async\" class=\"preload-me lazy-load aspect\" src=\"data:image\/svg+xml,%3Csvg%20xmlns%3D&#039;http%3A%2F%2Fwww.w3.org%2F2000%2Fsvg&#039;%20viewBox%3D&#039;0%200%20500%20350&#039;%2F%3E\" data-src=\"https:\/\/tms-medical.com\/wp-content\/uploads\/2022\/11\/Mobil-tuvalet-mobil-banyo_2-500x350.png\" data-srcset=\"https:\/\/tms-medical.com\/wp-content\/uploads\/2022\/11\/Mobil-tuvalet-mobil-banyo_2-500x350.png 500w, https:\/\/tms-medical.com\/wp-content\/uploads\/2022\/11\/Mobil-tuvalet-mobil-banyo_2-659x461.png 659w\" loading=\"eager\" sizes=\"(max-width: 500px) 100vw, 500px\" width=\"500\" height=\"350\" data-dt-location=\"https:\/\/tms-medical.com\/en\/support-and-service-units\/mobil-tuvalet-mobil-banyo_2\/\" style=\"--ratio: 500 \/ 350;box-shadow:5px 5px 5px 5px rgba(0,0,0,0.6); -webkit-box-shadow:5px 5px 5px 5px rgba(0,0,0,0.6); border-radius:5px;\" alt=\"mobil tuvalet ve banyo\" title=\"\"><\/div><\/div><\/div><div class=\"vc_row wpb_row vc_inner vc_row-fluid vc_custom_1667482048719 vc_row-o-equal-height vc_row-o-content-middle vc_row-flex\"><div class=\"wpb_column vc_column_container vc_col-sm-12\"><div class=\"vc_column-inner\"><div class=\"wpb_wrapper\"><style type=\"text\/css\" data-type=\"the7_shortcodes-inline-css\">.gallery-carousel-shortcode.gallery-carousel-shortcode-id-df69ccfa610837faa71bc2215d3445a2 .owl-nav a {\n  width: 30px;\n  height: 30px;\n  border-radius: 500px;\n}\n.dt-arrow-border-on.gallery-carousel-shortcode.gallery-carousel-shortcode-id-df69ccfa610837faa71bc2215d3445a2 .owl-nav a:not(:hover):before {\n  border-width: 0px;\n}\n.dt-arrow-hover-border-on.gallery-carousel-shortcode.gallery-carousel-shortcode-id-df69ccfa610837faa71bc2215d3445a2 .owl-nav a:hover:after {\n  border-width: 0px;\n}\n.gallery-carousel-shortcode.gallery-carousel-shortcode-id-df69ccfa610837faa71bc2215d3445a2 .owl-nav a.owl-prev {\n  top: 50%;\n  transform: translateY(calc(-50% + 0px));\n  left: -43px;\n}\n@media all and (-ms-high-contrast: none) {\n  .gallery-carousel-shortcode.gallery-carousel-shortcode-id-df69ccfa610837faa71bc2215d3445a2 .owl-nav a.owl-prev {\n    transform: translateY(-50%);\n    margin-top: 0px;\n  }\n}\n.gallery-carousel-shortcode.gallery-carousel-shortcode-id-df69ccfa610837faa71bc2215d3445a2 .owl-nav a.owl-prev i {\n  padding: 0px 0px 0px 0px;\n}\n.gallery-carousel-shortcode.gallery-carousel-shortcode-id-df69ccfa610837faa71bc2215d3445a2 .owl-nav a.owl-next {\n  top: 50%;\n  transform: translateY(calc(-50% + 0px));\n  right: -43px;\n}\n@media all and (-ms-high-contrast: none) {\n  .gallery-carousel-shortcode.gallery-carousel-shortcode-id-df69ccfa610837faa71bc2215d3445a2 .owl-nav a.owl-next {\n    transform: translateY(-50%);\n    margin-top: 0px;\n  }\n}\n.gallery-carousel-shortcode.gallery-carousel-shortcode-id-df69ccfa610837faa71bc2215d3445a2 .owl-nav a.owl-next i {\n  padding: 0px 0px 0px 0px;\n}\n.gallery-carousel-shortcode.gallery-carousel-shortcode-id-df69ccfa610837faa71bc2215d3445a2 .owl-nav i {\n  font-size: 18px;\n}\n.gallery-carousel-shortcode.gallery-carousel-shortcode-id-df69ccfa610837faa71bc2215d3445a2 .owl-nav a:not(:hover) i,\n.gallery-carousel-shortcode.gallery-carousel-shortcode-id-df69ccfa610837faa71bc2215d3445a2 .owl-nav a:not(:hover) i:before {\n  color: #ffffff;\n  background: none;\n}\n.gallery-carousel-shortcode.gallery-carousel-shortcode-id-df69ccfa610837faa71bc2215d3445a2 .owl-nav a:hover i,\n.gallery-carousel-shortcode.gallery-carousel-shortcode-id-df69ccfa610837faa71bc2215d3445a2 .owl-nav a:hover i:before {\n  color: rgba(255,255,255,0.75);\n  background: none;\n}\n.gallery-carousel-shortcode.gallery-carousel-shortcode-id-df69ccfa610837faa71bc2215d3445a2 .owl-dots {\n  top: calc(100% + 20px);\n  left: 50%;\n  transform: translateX(calc(-50% + 0px));\n}\n@media all and (-ms-high-contrast: none) {\n  .gallery-carousel-shortcode.gallery-carousel-shortcode-id-df69ccfa610837faa71bc2215d3445a2 .owl-dots {\n    transform: translateX(-50%);\n    margin-left: 0px;\n  }\n}\n.gallery-carousel-shortcode.gallery-carousel-shortcode-id-df69ccfa610837faa71bc2215d3445a2 .owl-dot {\n  width: 10px;\n  height: 10px;\n  margin: 0 8px;\n}\n@media screen and (max-width: 778px) {\n  .gallery-carousel-shortcode.gallery-carousel-shortcode-id-df69ccfa610837faa71bc2215d3445a2.hide-arrows .owl-nav a {\n    display: none;\n  }\n}\n@media screen and (max-width: 778px) {\n  .gallery-carousel-shortcode.gallery-carousel-shortcode-id-df69ccfa610837faa71bc2215d3445a2.reposition-arrows .owl-nav .owl-prev {\n    top: 50%;\n    transform: translateY(calc(-50% + 0px));\n    left: 10px;\n  }\n  .gallery-carousel-shortcode.gallery-carousel-shortcode-id-df69ccfa610837faa71bc2215d3445a2.reposition-arrows .owl-nav .owl-next {\n    top: 50%;\n    transform: translateY(calc(-50% + 0px));\n    right: 10px;\n  }\n}\n@media screen and (max-width: 778px) and all and (-ms-high-contrast: none) {\n  .gallery-carousel-shortcode.gallery-carousel-shortcode-id-df69ccfa610837faa71bc2215d3445a2.reposition-arrows .owl-nav .owl-prev {\n    transform: translateY(-50%);\n    margin-top: 0px;\n  }\n}\n@media screen and (max-width: 778px) and all and (-ms-high-contrast: none) {\n  .gallery-carousel-shortcode.gallery-carousel-shortcode-id-df69ccfa610837faa71bc2215d3445a2.reposition-arrows .owl-nav .owl-next {\n    transform: translateY(-50%);\n    margin-top: 0px;\n  }\n}\n.gallery-carousel-shortcode.gallery-carousel-shortcode-id-df69ccfa610837faa71bc2215d3445a2 figure,\n.gallery-carousel-shortcode.gallery-carousel-shortcode-id-df69ccfa610837faa71bc2215d3445a2 .rollover,\n.gallery-carousel-shortcode.gallery-carousel-shortcode-id-df69ccfa610837faa71bc2215d3445a2 img,\n.gallery-carousel-shortcode.gallery-carousel-shortcode-id-df69ccfa610837faa71bc2215d3445a2 .gallery-rollover {\n  border-radius: 5px;\n}\n.gallery-carousel-shortcode.gallery-carousel-shortcode-id-df69ccfa610837faa71bc2215d3445a2.enable-bg-rollover .gallery-rollover {\n  background: -webkit-linear-gradient();\n  background: linear-gradient();\n}\n.gallery-carousel-shortcode.gallery-carousel-shortcode-id-df69ccfa610837faa71bc2215d3445a2.enable-img-shadow .owl-stage-outer {\n  padding: 14px 0;\n}\n.gallery-carousel-shortcode.gallery-carousel-shortcode-id-df69ccfa610837faa71bc2215d3445a2.enable-bg-rollover.hover-scale figure .rollover:after {\n  background: -webkit-linear-gradient();\n  background: linear-gradient();\n}\n.gallery-carousel-shortcode.gallery-carousel-shortcode-id-df69ccfa610837faa71bc2215d3445a2.gallery-shortcode .gallery-zoom-ico {\n  width: 42px;\n  height: 42px;\n  line-height: 42px;\n  border-radius: 100px;\n  margin: -21px 0 0 -21px;\n  border-width: 0px;\n}\n.dt-icon-bg-on.gallery-carousel-shortcode.gallery-carousel-shortcode-id-df69ccfa610837faa71bc2215d3445a2.gallery-shortcode .gallery-zoom-ico {\n  background: rgba(255,255,255,0.3);\n  box-shadow: none;\n}\n.gallery-carousel-shortcode.gallery-carousel-shortcode-id-df69ccfa610837faa71bc2215d3445a2.gallery-shortcode .gallery-zoom-ico:before,\n.gallery-carousel-shortcode.gallery-carousel-shortcode-id-df69ccfa610837faa71bc2215d3445a2.gallery-shortcode .gallery-zoom-ico span {\n  font-size: 30px;\n  line-height: 42px;\n  color: #ffffff;\n  background: none;\n}<\/style><div class=\"owl-carousel gallery-carousel-shortcode gallery-shortcode  dt-gallery-container dt-owl-carousel-call gallery-carousel-shortcode-id-df69ccfa610837faa71bc2215d3445a2 quick-scale-img enable-bg-rollover meta-info-off dt-arrow-border-on dt-arrow-hover-border-on bullets-small-dot-stroke reposition-arrows dt-icon-bg-off arrows-bg-on disable-arrows-hover-bg arrows-hover-bg-on  vc_custom_1669301878295 hover-fade\" data-scroll-mode=\"1\" data-col-num=\"6\" data-wide-col-num=\"4\" data-laptop-col=\"5\" data-h-tablet-columns-num=\"4\" data-v-tablet-columns-num=\"3\" data-phone-columns-num=\"1\" data-col-gap=\"10\" data-stage-padding=\"0\" data-speed=\"600\" data-autoplay=\"false\" data-autoplay_speed=\"6000\" data-arrows=\"true\" data-bullet=\"false\" data-next-icon=\"icon-ar-017-r\" data-prev-icon=\"icon-ar-017-l\" data-img-shadow-size=\"12px\" data-img-shadow-spread=\"3px\"><div data-post-id=\"2863\" data-date=\"2022-11-24T17:56:59+03:00\" data-name=\"Mobil tuvalet, mobil banyo_1\"><figure class=\"post\"><a href=\"https:\/\/tms-medical.com\/wp-content\/uploads\/2022\/11\/Mobil-tuvalet-mobil-banyo_1.png\" class=\"rollover dt-pswp-item layzr-bg\" data-large_image_width=\"459\" data-large_image_height=\"307\" data-dt-img-description=\"\" title=\"Mobil tuvalet, mobil banyo_1\"><img decoding=\"async\" class=\"preload-me owl-lazy-load aspect\" src=\"data:image\/svg+xml,%3Csvg%20xmlns%3D&#039;http%3A%2F%2Fwww.w3.org%2F2000%2Fsvg&#039;%20viewBox%3D&#039;0%200%20459%20307&#039;%2F%3E\" data-src=\"https:\/\/tms-medical.com\/wp-content\/uploads\/2022\/11\/Mobil-tuvalet-mobil-banyo_1.png\" data-srcset=\"https:\/\/tms-medical.com\/wp-content\/uploads\/2022\/11\/Mobil-tuvalet-mobil-banyo_1.png 459w\" loading=\"eager\" style=\"--ratio: 459 \/ 307\" sizes=\"(max-width: 459px) 100vw, 459px\" alt=\"\" width=\"459\" height=\"307\" title=\"\"><span class=\"gallery-rollover\"><span class=\"gallery-zoom-ico icomoon-the7-font-the7-zoom-06\"><span><\/span><\/span><\/span><\/a><\/figure><\/div><div data-post-id=\"2862\" data-date=\"2022-11-24T17:56:57+03:00\" data-name=\"Mobil tuvalet, mobil banyo\"><figure class=\"post\"><a href=\"https:\/\/tms-medical.com\/wp-content\/uploads\/2022\/11\/Mobil-tuvalet-mobil-banyo.png\" class=\"rollover dt-pswp-item layzr-bg\" data-large_image_width=\"729\" data-large_image_height=\"480\" data-dt-img-description=\"\" title=\"Mobil tuvalet, mobil banyo\"><img decoding=\"async\" class=\"preload-me owl-lazy-load aspect\" src=\"data:image\/svg+xml,%3Csvg%20xmlns%3D&#039;http%3A%2F%2Fwww.w3.org%2F2000%2Fsvg&#039;%20viewBox%3D&#039;0%200%20729%20480&#039;%2F%3E\" data-src=\"https:\/\/tms-medical.com\/wp-content\/uploads\/2022\/11\/Mobil-tuvalet-mobil-banyo.png\" data-srcset=\"https:\/\/tms-medical.com\/wp-content\/uploads\/2022\/11\/Mobil-tuvalet-mobil-banyo.png 729w\" loading=\"eager\" style=\"--ratio: 729 \/ 480\" sizes=\"(max-width: 729px) 100vw, 729px\" alt=\"\" width=\"729\" height=\"480\" title=\"\"><span class=\"gallery-rollover\"><span class=\"gallery-zoom-ico icomoon-the7-font-the7-zoom-06\"><span><\/span><\/span><\/span><\/a><\/figure><\/div><div data-post-id=\"2861\" data-date=\"2022-11-24T17:56:55+03:00\" data-name=\"Mobil tuvalet, mobil banyo_3\"><figure class=\"post\"><a href=\"https:\/\/tms-medical.com\/wp-content\/uploads\/2022\/11\/Mobil-tuvalet-mobil-banyo_3.png\" class=\"rollover dt-pswp-item layzr-bg\" data-large_image_width=\"465\" data-large_image_height=\"306\" data-dt-img-description=\"\" title=\"Mobil tuvalet, mobil banyo_3\"><img decoding=\"async\" class=\"preload-me owl-lazy-load aspect\" src=\"data:image\/svg+xml,%3Csvg%20xmlns%3D&#039;http%3A%2F%2Fwww.w3.org%2F2000%2Fsvg&#039;%20viewBox%3D&#039;0%200%20465%20306&#039;%2F%3E\" data-src=\"https:\/\/tms-medical.com\/wp-content\/uploads\/2022\/11\/Mobil-tuvalet-mobil-banyo_3.png\" data-srcset=\"https:\/\/tms-medical.com\/wp-content\/uploads\/2022\/11\/Mobil-tuvalet-mobil-banyo_3.png 465w\" loading=\"eager\" style=\"--ratio: 465 \/ 306\" sizes=\"(max-width: 465px) 100vw, 465px\" alt=\"\" width=\"465\" height=\"306\" title=\"\"><span class=\"gallery-rollover\"><span class=\"gallery-zoom-ico icomoon-the7-font-the7-zoom-06\"><span><\/span><\/span><\/span><\/a><\/figure><\/div><\/div><\/div><\/div><\/div><\/div><\/div><\/div><\/div><div class=\"wpb_column vc_column_container vc_col-sm-8 vc_col-lg-offset-0 vc_col-lg-6 vc_col-md-offset-0 vc_col-md-6 vc_col-sm-offset-2 vc_col-xs-12\"><div class=\"vc_column-inner\"><div class=\"wpb_wrapper\"><div id=\"ultimate-heading-835469e345d75e8d4\" class=\"uvc-heading ult-adjust-bottom-margin ultimate-heading-835469e345d75e8d4 uvc-5690 color-title accent-title-color\" data-hspacer=\"no_spacer\"  data-halign=\"left\" style=\"text-align:left\"><div class=\"uvc-heading-spacer no_spacer\" style=\"top\"><\/div><div class=\"uvc-main-heading ult-responsive\"  data-ultimate-target='.uvc-heading.ultimate-heading-835469e345d75e8d4 h2'  data-responsive-json-new='{\"font-size\":\"desktop:20px;\",\"line-height\":\"desktop:26px;\"}' ><h2 style=\"font-weight:bold;margin-bottom:5px;\">Mobile Toilet (WC) &amp; Shower<\/h2><\/div><\/div>\n\t<div class=\"wpb_text_column wpb_content_element  vc_custom_1669301756421\" >\n\t\t<div class=\"wpb_wrapper\">\n\t\t\t<p>Some requirements arise in large events, crowded places and natural disaster areas.<\/p>\n\n\t\t<\/div>\n\t<\/div>\n<div class=\"standard-arrow list-divider bullet-top\"><ul>\n<li>TMS Mobile Toilets provide fast service in such cases and are easily transported to the field.<\/li>\n<li>TMS Medical Mobile Toilet and Shower<\/li>\n<\/ul>\n<\/div><style type=\"text\/css\" data-type=\"the7_shortcodes-inline-css\">#default-btn-3f5f12deb7311f8d1d01ec9cc559fca9.ico-right-side > i {\n  margin-right: 0px;\n  margin-left: 8px;\n}\n#default-btn-3f5f12deb7311f8d1d01ec9cc559fca9 > i {\n  margin-right: 8px;\n}<\/style><a href=\"https:\/\/tms-medical.com\/en\/contact\/\" class=\"default-btn-shortcode dt-btn dt-btn-m link-hover-off btn-inline-left  vc_custom_1667213487083\" id=\"default-btn-3f5f12deb7311f8d1d01ec9cc559fca9\"><span>CONTACT US !<\/span><\/a><span id=\"creative-link-wrap-4946\" class=\"ult_main_cl ult-adjust-bottom-margin\" >\n\t \t\t\t<span class=\"ult_cl_link_6  ult_crlink\" >\n\t\t\t\t\t<a  data-ultimate-target='#creative-link-wrap-4946 .ult_colorlink'  data-responsive-json-new='{\"font-size\":\"\",\"line-height\":\"\"}'  href=\"https:\/\/tms-medical.com\/en\/support-and-service-units\/\" target=\"_blank\" rel=\"noopener\"  class=\"ult_colorlink ult-responsive  vc_custom_1673431079065\" style=\"float:left;font-weight:normal;color:#0377c9; \"  data-textcolor=\"#1b346d\" data-texthover=\"#0377c9\"data-style=\"Style_6\">\n\t\t\t\t\t\t\n\t\t\t\t\t\t<span data-hover=\"T\u00fcm\u00fcn\u00fc G\u00f6ster\" style=\"color:#1b346d;;;\" class=\"ult_btn10_span\">All View<\/span>\n\t\t\t\t\t\t<span class=\"ult_btn6_link_top\" data-color=\"#333333\">\u2022<\/span>\n\t\t\t\t\t<\/a>\n\t\t\t\t<\/span>\n\t\t\t<\/span><\/div><\/div><\/div><\/div>\n<\/div>","protected":false},"excerpt":{"rendered":"<p>Mobil Tuvalet (WC) &amp; Mobil Banyo B\u00fcy\u00fck etkinlikler, kalabal\u0131k yerler ve do\u011fal afet alanlar\u0131nda baz\u0131 gereksinimler ortaya \u00e7\u0131kmaktad\u0131r. TMS Mobil Tuvalet ve banyo bu gibi durumlarda h\u0131zl\u0131 hizmet vermekte ve alana nakliyesi kolayca yap\u0131lmaktad\u0131r. TMS Medical Mobil Tuvalet ve Banyo T\u00fcm\u00fcn\u00fc G\u00f6ster \u2022<\/p>","protected":false},"author":1,"featured_media":0,"parent":0,"menu_order":500,"comment_status":"closed","ping_status":"closed","template":"","meta":{"inline_featured_image":false,"footnotes":""},"class_list":["post-2859","page","type-page","status-publish","hentry","description-off"],"_links":{"self":[{"href":"https:\/\/tms-medical.com\/en\/wp-json\/wp\/v2\/pages\/2859","targetHints":{"allow":["GET"]}}],"collection":[{"href":"https:\/\/tms-medical.com\/en\/wp-json\/wp\/v2\/pages"}],"about":[{"href":"https:\/\/tms-medical.com\/en\/wp-json\/wp\/v2\/types\/page"}],"author":[{"embeddable":true,"href":"https:\/\/tms-medical.com\/en\/wp-json\/wp\/v2\/users\/1"}],"replies":[{"embeddable":true,"href":"https:\/\/tms-medical.com\/en\/wp-json\/wp\/v2\/comments?post=2859"}],"version-history":[{"count":0,"href":"https:\/\/tms-medical.com\/en\/wp-json\/wp\/v2\/pages\/2859\/revisions"}],"wp:attachment":[{"href":"https:\/\/tms-medical.com\/en\/wp-json\/wp\/v2\/media?parent=2859"}],"curies":[{"name":"wp","href":"https:\/\/api.w.org\/{rel}","templated":true}]}}