{"id":2781,"date":"2022-11-23T17:19:25","date_gmt":"2022-11-23T14:19:25","guid":{"rendered":"https:\/\/tms-medical.com\/?page_id=2781"},"modified":"2023-02-01T15:28:13","modified_gmt":"2023-02-01T12:28:13","slug":"mobil-tarama-unitesi","status":"publish","type":"page","link":"https:\/\/tms-medical.com\/en\/mobile-screening-unit\/","title":{"rendered":"Mobile Screening Unit"},"content":{"rendered":"<div class=\"wpb-content-wrapper\"><div class=\"vc_row wpb_row vc_row-fluid vc_custom_1673509306851 vc_row-o-equal-height vc_row-o-content-top vc_row-flex\"><div class=\"wpb_column vc_column_container vc_col-sm-8 vc_col-lg-offset-0 vc_col-lg-6 vc_col-md-offset-0 vc_col-md-6 vc_col-sm-offset-2 vc_col-xs-12\"><div class=\"vc_column-inner vc_custom_1669297096535\"><div class=\"wpb_wrapper\"><style type=\"text\/css\" data-type=\"the7_shortcodes-inline-css\">.shortcode-single-image-wrap.shortcode-single-image-939832d6610d0afaa45ffd84946ea1c0.enable-bg-rollover .rollover i,\n.shortcode-single-image-wrap.shortcode-single-image-939832d6610d0afaa45ffd84946ea1c0.enable-bg-rollover .rollover-video i {\n  background: -webkit-linear-gradient();\n  background: linear-gradient();\n}\n.shortcode-single-image-wrap.shortcode-single-image-939832d6610d0afaa45ffd84946ea1c0 .rollover-icon {\n  font-size: 32px;\n  color: #ffffff;\n  min-width: 44px;\n  min-height: 44px;\n  line-height: 44px;\n  border-radius: 100px;\n  border-style: solid;\n  border-width: 0px;\n}\n.dt-icon-bg-on.shortcode-single-image-wrap.shortcode-single-image-939832d6610d0afaa45ffd84946ea1c0 .rollover-icon {\n  background: rgba(255,255,255,0.3);\n  box-shadow: none;\n}<\/style><div class=\"shortcode-single-image-wrap shortcode-single-image-939832d6610d0afaa45ffd84946ea1c0 alignnone  enable-bg-rollover dt-icon-bg-off\" style=\"margin-top:0px; margin-bottom:0px; margin-left:0px; margin-right:0px; width:500px;\"><div class=\"shortcode-single-image\"><div class=\"fancy-media-wrap  layzr-bg\" style=\"border-radius:5px;\"><img fetchpriority=\"high\" decoding=\"async\" class=\"preload-me lazy-load aspect\" src=\"data:image\/svg+xml,%3Csvg%20xmlns%3D&#039;http%3A%2F%2Fwww.w3.org%2F2000%2Fsvg&#039;%20viewBox%3D&#039;0%200%20500%20350&#039;%2F%3E\" data-src=\"https:\/\/tms-medical.com\/wp-content\/uploads\/2022\/11\/18-mt-One-Side-Expandable-Inside-Equp.-13-scaled-500x350.jpg\" data-srcset=\"https:\/\/tms-medical.com\/wp-content\/uploads\/2022\/11\/18-mt-One-Side-Expandable-Inside-Equp.-13-scaled-500x350.jpg 500w, https:\/\/tms-medical.com\/wp-content\/uploads\/2022\/11\/18-mt-One-Side-Expandable-Inside-Equp.-13-scaled-1000x700.jpg 1000w\" loading=\"eager\" sizes=\"(max-width: 500px) 100vw, 500px\" width=\"500\" height=\"350\" data-dt-location=\"https:\/\/tms-medical.com\/en\/mobile-health-vehicles\/18-mt-one-side-expandable-inside-equp-13\/\" style=\"--ratio: 500 \/ 350;box-shadow:5px 5px 5px 5px rgba(0,0,0,0.6); -webkit-box-shadow:5px 5px 5px 5px rgba(0,0,0,0.6); border-radius:5px;\" alt=\"mobil tarama \u00fcnitesi\" title=\"\"><\/div><\/div><\/div><style type=\"text\/css\" data-type=\"the7_shortcodes-inline-css\">.gallery-carousel-shortcode.gallery-carousel-shortcode-id-8180c4bad62a480231e1a19d781968f4 .owl-nav a {\n  width: 30px;\n  height: 30px;\n  border-radius: 500px;\n}\n.dt-arrow-border-on.gallery-carousel-shortcode.gallery-carousel-shortcode-id-8180c4bad62a480231e1a19d781968f4 .owl-nav a:not(:hover):before {\n  border-width: 0px;\n}\n.dt-arrow-hover-border-on.gallery-carousel-shortcode.gallery-carousel-shortcode-id-8180c4bad62a480231e1a19d781968f4 .owl-nav a:hover:after {\n  border-width: 0px;\n}\n.gallery-carousel-shortcode.gallery-carousel-shortcode-id-8180c4bad62a480231e1a19d781968f4 .owl-nav a.owl-prev {\n  top: 50%;\n  transform: translateY(calc(-50% + 0px));\n  left: -43px;\n}\n@media all and (-ms-high-contrast: none) {\n  .gallery-carousel-shortcode.gallery-carousel-shortcode-id-8180c4bad62a480231e1a19d781968f4 .owl-nav a.owl-prev {\n    transform: translateY(-50%);\n    margin-top: 0px;\n  }\n}\n.gallery-carousel-shortcode.gallery-carousel-shortcode-id-8180c4bad62a480231e1a19d781968f4 .owl-nav a.owl-prev i {\n  padding: 0px 0px 0px 0px;\n}\n.gallery-carousel-shortcode.gallery-carousel-shortcode-id-8180c4bad62a480231e1a19d781968f4 .owl-nav a.owl-next {\n  top: 50%;\n  transform: translateY(calc(-50% + 0px));\n  right: -43px;\n}\n@media all and (-ms-high-contrast: none) {\n  .gallery-carousel-shortcode.gallery-carousel-shortcode-id-8180c4bad62a480231e1a19d781968f4 .owl-nav a.owl-next {\n    transform: translateY(-50%);\n    margin-top: 0px;\n  }\n}\n.gallery-carousel-shortcode.gallery-carousel-shortcode-id-8180c4bad62a480231e1a19d781968f4 .owl-nav a.owl-next i {\n  padding: 0px 0px 0px 0px;\n}\n.gallery-carousel-shortcode.gallery-carousel-shortcode-id-8180c4bad62a480231e1a19d781968f4 .owl-nav i {\n  font-size: 18px;\n}\n.gallery-carousel-shortcode.gallery-carousel-shortcode-id-8180c4bad62a480231e1a19d781968f4 .owl-nav a:not(:hover) i,\n.gallery-carousel-shortcode.gallery-carousel-shortcode-id-8180c4bad62a480231e1a19d781968f4 .owl-nav a:not(:hover) i:before {\n  color: #ffffff;\n  background: none;\n}\n.gallery-carousel-shortcode.gallery-carousel-shortcode-id-8180c4bad62a480231e1a19d781968f4 .owl-nav a:hover i,\n.gallery-carousel-shortcode.gallery-carousel-shortcode-id-8180c4bad62a480231e1a19d781968f4 .owl-nav a:hover i:before {\n  color: rgba(255,255,255,0.75);\n  background: none;\n}\n.gallery-carousel-shortcode.gallery-carousel-shortcode-id-8180c4bad62a480231e1a19d781968f4 .owl-dots {\n  top: calc(100% + 20px);\n  left: 50%;\n  transform: translateX(calc(-50% + 0px));\n}\n@media all and (-ms-high-contrast: none) {\n  .gallery-carousel-shortcode.gallery-carousel-shortcode-id-8180c4bad62a480231e1a19d781968f4 .owl-dots {\n    transform: translateX(-50%);\n    margin-left: 0px;\n  }\n}\n.gallery-carousel-shortcode.gallery-carousel-shortcode-id-8180c4bad62a480231e1a19d781968f4 .owl-dot {\n  width: 10px;\n  height: 10px;\n  margin: 0 8px;\n}\n@media screen and (max-width: 778px) {\n  .gallery-carousel-shortcode.gallery-carousel-shortcode-id-8180c4bad62a480231e1a19d781968f4.hide-arrows .owl-nav a {\n    display: none;\n  }\n}\n@media screen and (max-width: 778px) {\n  .gallery-carousel-shortcode.gallery-carousel-shortcode-id-8180c4bad62a480231e1a19d781968f4.reposition-arrows .owl-nav .owl-prev {\n    top: 50%;\n    transform: translateY(calc(-50% + 0px));\n    left: 10px;\n  }\n  .gallery-carousel-shortcode.gallery-carousel-shortcode-id-8180c4bad62a480231e1a19d781968f4.reposition-arrows .owl-nav .owl-next {\n    top: 50%;\n    transform: translateY(calc(-50% + 0px));\n    right: 10px;\n  }\n}\n@media screen and (max-width: 778px) and all and (-ms-high-contrast: none) {\n  .gallery-carousel-shortcode.gallery-carousel-shortcode-id-8180c4bad62a480231e1a19d781968f4.reposition-arrows .owl-nav .owl-prev {\n    transform: translateY(-50%);\n    margin-top: 0px;\n  }\n}\n@media screen and (max-width: 778px) and all and (-ms-high-contrast: none) {\n  .gallery-carousel-shortcode.gallery-carousel-shortcode-id-8180c4bad62a480231e1a19d781968f4.reposition-arrows .owl-nav .owl-next {\n    transform: translateY(-50%);\n    margin-top: 0px;\n  }\n}\n.gallery-carousel-shortcode.gallery-carousel-shortcode-id-8180c4bad62a480231e1a19d781968f4 figure,\n.gallery-carousel-shortcode.gallery-carousel-shortcode-id-8180c4bad62a480231e1a19d781968f4 .rollover,\n.gallery-carousel-shortcode.gallery-carousel-shortcode-id-8180c4bad62a480231e1a19d781968f4 img,\n.gallery-carousel-shortcode.gallery-carousel-shortcode-id-8180c4bad62a480231e1a19d781968f4 .gallery-rollover {\n  border-radius: 5px;\n}\n.gallery-carousel-shortcode.gallery-carousel-shortcode-id-8180c4bad62a480231e1a19d781968f4.enable-bg-rollover .gallery-rollover {\n  background: -webkit-linear-gradient();\n  background: linear-gradient();\n}\n.gallery-carousel-shortcode.gallery-carousel-shortcode-id-8180c4bad62a480231e1a19d781968f4.enable-img-shadow .owl-stage-outer {\n  padding: 14px 0;\n}\n.gallery-carousel-shortcode.gallery-carousel-shortcode-id-8180c4bad62a480231e1a19d781968f4.enable-bg-rollover.hover-scale figure .rollover:after {\n  background: -webkit-linear-gradient();\n  background: linear-gradient();\n}\n.gallery-carousel-shortcode.gallery-carousel-shortcode-id-8180c4bad62a480231e1a19d781968f4.gallery-shortcode .gallery-zoom-ico {\n  width: 42px;\n  height: 42px;\n  line-height: 42px;\n  border-radius: 100px;\n  margin: -21px 0 0 -21px;\n  border-width: 0px;\n}\n.dt-icon-bg-on.gallery-carousel-shortcode.gallery-carousel-shortcode-id-8180c4bad62a480231e1a19d781968f4.gallery-shortcode .gallery-zoom-ico {\n  background: rgba(255,255,255,0.3);\n  box-shadow: none;\n}\n.gallery-carousel-shortcode.gallery-carousel-shortcode-id-8180c4bad62a480231e1a19d781968f4.gallery-shortcode .gallery-zoom-ico:before,\n.gallery-carousel-shortcode.gallery-carousel-shortcode-id-8180c4bad62a480231e1a19d781968f4.gallery-shortcode .gallery-zoom-ico span {\n  font-size: 30px;\n  line-height: 42px;\n  color: #ffffff;\n  background: none;\n}<\/style><div class=\"owl-carousel gallery-carousel-shortcode gallery-shortcode  dt-gallery-container dt-owl-carousel-call gallery-carousel-shortcode-id-8180c4bad62a480231e1a19d781968f4 quick-scale-img enable-bg-rollover meta-info-off dt-arrow-border-on dt-arrow-hover-border-on bullets-small-dot-stroke reposition-arrows dt-icon-bg-off arrows-bg-on disable-arrows-hover-bg arrows-hover-bg-on  vc_custom_1669296977561 hover-fade\" data-scroll-mode=\"1\" data-col-num=\"6\" data-wide-col-num=\"4\" data-laptop-col=\"5\" data-h-tablet-columns-num=\"4\" data-v-tablet-columns-num=\"3\" data-phone-columns-num=\"1\" data-col-gap=\"10\" data-stage-padding=\"0\" data-speed=\"600\" data-autoplay=\"false\" data-autoplay_speed=\"6000\" data-arrows=\"true\" data-bullet=\"false\" data-next-icon=\"icon-ar-017-r\" data-prev-icon=\"icon-ar-017-l\" data-img-shadow-size=\"12px\" data-img-shadow-spread=\"3px\"><div data-post-id=\"2782\" data-date=\"2022-11-23T17:18:59+03:00\" data-name=\"18 mt One Side Expandable Inside Equp. (15)\"><figure class=\"post\"><a href=\"https:\/\/tms-medical.com\/wp-content\/uploads\/2022\/11\/18-mt-One-Side-Expandable-Inside-Equp.-15-scaled.jpg\" class=\"rollover dt-pswp-item layzr-bg\" data-large_image_width=\"2560\" data-large_image_height=\"1920\" data-dt-img-description=\"\" title=\"18 mt One Side Expandable Inside Equp. (15)\"><img decoding=\"async\" class=\"preload-me owl-lazy-load aspect\" src=\"data:image\/svg+xml,%3Csvg%20xmlns%3D&#039;http%3A%2F%2Fwww.w3.org%2F2000%2Fsvg&#039;%20viewBox%3D&#039;0%200%202560%201920&#039;%2F%3E\" data-src=\"https:\/\/tms-medical.com\/wp-content\/uploads\/2022\/11\/18-mt-One-Side-Expandable-Inside-Equp.-15-scaled.jpg\" data-srcset=\"https:\/\/tms-medical.com\/wp-content\/uploads\/2022\/11\/18-mt-One-Side-Expandable-Inside-Equp.-15-scaled.jpg 2560w\" loading=\"eager\" style=\"--ratio: 2560 \/ 1920\" sizes=\"(max-width: 2560px) 100vw, 2560px\" alt=\"\" width=\"2560\" height=\"1920\" title=\"\"><span class=\"gallery-rollover\"><span class=\"gallery-zoom-ico icomoon-the7-font-the7-zoom-06\"><span><\/span><\/span><\/span><\/a><\/figure><\/div><div data-post-id=\"2783\" data-date=\"2022-11-23T17:19:06+03:00\" data-name=\"18 mt One Side Expandable Inside Equp. (16)\"><figure class=\"post\"><a href=\"https:\/\/tms-medical.com\/wp-content\/uploads\/2022\/11\/18-mt-One-Side-Expandable-Inside-Equp.-16.png\" class=\"rollover dt-pswp-item layzr-bg\" data-large_image_width=\"1046\" data-large_image_height=\"695\" data-dt-img-description=\"\" title=\"18 mt One Side Expandable Inside Equp. (16)\"><img decoding=\"async\" class=\"preload-me owl-lazy-load aspect\" src=\"data:image\/svg+xml,%3Csvg%20xmlns%3D&#039;http%3A%2F%2Fwww.w3.org%2F2000%2Fsvg&#039;%20viewBox%3D&#039;0%200%201046%20695&#039;%2F%3E\" data-src=\"https:\/\/tms-medical.com\/wp-content\/uploads\/2022\/11\/18-mt-One-Side-Expandable-Inside-Equp.-16.png\" data-srcset=\"https:\/\/tms-medical.com\/wp-content\/uploads\/2022\/11\/18-mt-One-Side-Expandable-Inside-Equp.-16.png 1046w\" loading=\"eager\" style=\"--ratio: 1046 \/ 695\" sizes=\"(max-width: 1046px) 100vw, 1046px\" alt=\"\" width=\"1046\" height=\"695\" title=\"\"><span class=\"gallery-rollover\"><span class=\"gallery-zoom-ico icomoon-the7-font-the7-zoom-06\"><span><\/span><\/span><\/span><\/a><\/figure><\/div><\/div><\/div><\/div><\/div><div class=\"wpb_column vc_column_container vc_col-sm-8 vc_col-lg-offset-0 vc_col-lg-6 vc_col-md-offset-0 vc_col-md-6 vc_col-sm-offset-2 vc_col-xs-12\"><div class=\"vc_column-inner\"><div class=\"wpb_wrapper\"><div id=\"ultimate-heading-533769f4233d3dcf3\" class=\"uvc-heading ult-adjust-bottom-margin ultimate-heading-533769f4233d3dcf3 uvc-7150 color-title accent-title-color\" data-hspacer=\"no_spacer\"  data-halign=\"left\" style=\"text-align:left\"><div class=\"uvc-heading-spacer no_spacer\" style=\"top\"><\/div><div class=\"uvc-main-heading ult-responsive\"  data-ultimate-target='.uvc-heading.ultimate-heading-533769f4233d3dcf3 h2'  data-responsive-json-new='{\"font-size\":\"desktop:20px;\",\"line-height\":\"desktop:26px;\"}' ><h2 style=\"font-weight:bold;margin-bottom:5px;\">Mobile Screening Unit<\/h2><\/div><\/div>\n\t<div class=\"wpb_text_column wpb_content_element  vc_custom_1669213071956\" >\n\t\t<div class=\"wpb_wrapper\">\n\t\t\t<p>Ever attentive to listen to new needs, TMS imagines even more advanced and specialized screening solutions adapting its bodyworks to the requirements and new healthcare technologies.<\/p>\n\n\t\t<\/div>\n\t<\/div>\n<div class=\"standard-arrow list-divider bullet-top\"><ul>\n<li>For efficient actions of local screening, mobile units are unavoidable as they propose equality to the whole population, whether they be mobile or not.<\/li>\n<li>TMS Medical Mobile Screening Unit<\/li>\n<\/ul>\n<\/div><style type=\"text\/css\" data-type=\"the7_shortcodes-inline-css\">#default-btn-3f5f12deb7311f8d1d01ec9cc559fca9.ico-right-side > i {\n  margin-right: 0px;\n  margin-left: 8px;\n}\n#default-btn-3f5f12deb7311f8d1d01ec9cc559fca9 > i {\n  margin-right: 8px;\n}<\/style><a href=\"https:\/\/tms-medical.com\/en\/contact\/\" class=\"default-btn-shortcode dt-btn dt-btn-m link-hover-off btn-inline-left  vc_custom_1667213487083\" id=\"default-btn-3f5f12deb7311f8d1d01ec9cc559fca9\"><span>CONTACT US !<\/span><\/a><span id=\"creative-link-wrap-1096\" class=\"ult_main_cl ult-adjust-bottom-margin\" >\n\t \t\t\t<span class=\"ult_cl_link_6  ult_crlink\" >\n\t\t\t\t\t<a  data-ultimate-target='#creative-link-wrap-1096 .ult_colorlink'  data-responsive-json-new='{\"font-size\":\"\",\"line-height\":\"\"}'  href=\"https:\/\/tms-medical.com\/en\/mobile-health-vehicles\/\" target=\"_blank\" rel=\"noopener\"  class=\"ult_colorlink ult-responsive  vc_custom_1673430138965\" style=\"float:left;font-weight:normal;color:#0377c9; \"  data-textcolor=\"#1b346d\" data-texthover=\"#0377c9\"data-style=\"Style_6\">\n\t\t\t\t\t\t\n\t\t\t\t\t\t<span data-hover=\"T\u00fcm\u00fcn\u00fc G\u00f6ster\" style=\"color:#1b346d;;;\" class=\"ult_btn10_span\">All View<\/span>\n\t\t\t\t\t\t<span class=\"ult_btn6_link_top\" data-color=\"#333333\">\u2022<\/span>\n\t\t\t\t\t<\/a>\n\t\t\t\t<\/span>\n\t\t\t<\/span><\/div><\/div><\/div><\/div>\n<\/div>","protected":false},"excerpt":{"rendered":"<p>Mobil Tarama \u00dcnitesi Her zaman yeni ihtiya\u00e7lar\u0131 dinlemeye \u00f6zen g\u00f6steren TMS, \u00fcstyap\u0131lar\u0131n\u0131 gereksinimlere ve yeni sa\u011fl\u0131k teknolojilerine uyarlayan daha da geli\u015fmi\u015f ve \u00f6zel tarama \u00e7\u00f6z\u00fcmleri hayal ediyor. Yerel taraman\u0131n etkin eylemleri i\u00e7in mobil birimler, hareketli olsun ya da olmas\u0131n t\u00fcm n\u00fcfusa e\u015fitlik sunduklar\u0131 i\u00e7in ka\u00e7\u0131n\u0131lmazd\u0131r. TMS Medical Mobil Tarama \u00dcnitesi T\u00fcm\u00fcn\u00fc G\u00f6ster \u2022<\/p>","protected":false},"author":1,"featured_media":0,"parent":0,"menu_order":500,"comment_status":"closed","ping_status":"closed","template":"","meta":{"inline_featured_image":false,"footnotes":""},"class_list":["post-2781","page","type-page","status-publish","hentry","description-off"],"_links":{"self":[{"href":"https:\/\/tms-medical.com\/en\/wp-json\/wp\/v2\/pages\/2781","targetHints":{"allow":["GET"]}}],"collection":[{"href":"https:\/\/tms-medical.com\/en\/wp-json\/wp\/v2\/pages"}],"about":[{"href":"https:\/\/tms-medical.com\/en\/wp-json\/wp\/v2\/types\/page"}],"author":[{"embeddable":true,"href":"https:\/\/tms-medical.com\/en\/wp-json\/wp\/v2\/users\/1"}],"replies":[{"embeddable":true,"href":"https:\/\/tms-medical.com\/en\/wp-json\/wp\/v2\/comments?post=2781"}],"version-history":[{"count":0,"href":"https:\/\/tms-medical.com\/en\/wp-json\/wp\/v2\/pages\/2781\/revisions"}],"wp:attachment":[{"href":"https:\/\/tms-medical.com\/en\/wp-json\/wp\/v2\/media?parent=2781"}],"curies":[{"name":"wp","href":"https:\/\/api.w.org\/{rel}","templated":true}]}}