{"id":2760,"date":"2022-11-22T15:27:26","date_gmt":"2022-11-22T12:27:26","guid":{"rendered":"https:\/\/tms-medical.com\/?page_id=2760"},"modified":"2023-01-25T17:06:06","modified_gmt":"2023-01-25T14:06:06","slug":"mobil-saglik-araclari","status":"publish","type":"page","link":"https:\/\/tms-medical.com\/en\/mobile-health-vehicles\/","title":{"rendered":"Mobile Health Vehicles"},"content":{"rendered":"<div class=\"wpb-content-wrapper\"><div class=\"vc_row wpb_row vc_row-fluid mobil vc_custom_1668607629102 vc_row-o-equal-height vc_row-flex\"><div class=\"wpb_column vc_column_container vc_col-sm-4 vc_col-lg-4 vc_col-md-4 vc_col-xs-12\"><div class=\"vc_column-inner vc_custom_1668000141338\"><div class=\"wpb_wrapper\"><div class=\"vc_row wpb_row vc_inner vc_row-fluid\"><div class=\"wpb_column vc_column_container vc_col-sm-12\"><div class=\"vc_column-inner\"><div class=\"wpb_wrapper\"><style type=\"text\/css\" data-type=\"the7_shortcodes-inline-css\">.shortcode-single-image-wrap.shortcode-single-image-0b102962edec61feeeb1d449169c432b.enable-bg-rollover .rollover i,\n.shortcode-single-image-wrap.shortcode-single-image-0b102962edec61feeeb1d449169c432b.enable-bg-rollover .rollover-video i {\n  background: -webkit-linear-gradient();\n  background: linear-gradient();\n}\n.shortcode-single-image-wrap.shortcode-single-image-0b102962edec61feeeb1d449169c432b .rollover-icon {\n  font-size: 32px;\n  color: #ffffff;\n  min-width: 44px;\n  min-height: 44px;\n  line-height: 44px;\n  border-radius: 100px;\n  border-style: solid;\n  border-width: 0px;\n}\n.dt-icon-bg-on.shortcode-single-image-wrap.shortcode-single-image-0b102962edec61feeeb1d449169c432b .rollover-icon {\n  background: rgba(255,255,255,0.3);\n  box-shadow: none;\n}<\/style><div class=\"shortcode-single-image-wrap shortcode-single-image-0b102962edec61feeeb1d449169c432b alignnone  vc_custom_1669215564070 enable-bg-rollover dt-icon-bg-off\" ><div class=\"shortcode-single-image\"><div class=\"fancy-media-wrap\" style=\"border-radius:5px;\"><a href=\"https:\/\/tms-medical.com\/en\/mobile-clinic\/\" class=\"layzr-bg rollover\" style=\"border-radius:5px;\" target=\"_blank\" rel=\"noopener\" aria-label=\"Image\"><img fetchpriority=\"high\" decoding=\"async\" class=\"preload-me lazy-load aspect\" src=\"data:image\/svg+xml,%3Csvg%20xmlns%3D&#039;http%3A%2F%2Fwww.w3.org%2F2000%2Fsvg&#039;%20viewBox%3D&#039;0%200%20330%20210&#039;%2F%3E\" data-src=\"https:\/\/tms-medical.com\/wp-content\/uploads\/2022\/10\/Mobile-Clinic-2-Side-Expandable-2-330x210.jpg\" data-srcset=\"https:\/\/tms-medical.com\/wp-content\/uploads\/2022\/10\/Mobile-Clinic-2-Side-Expandable-2-330x210.jpg 330w, https:\/\/tms-medical.com\/wp-content\/uploads\/2022\/10\/Mobile-Clinic-2-Side-Expandable-2-660x420.jpg 660w\" loading=\"eager\" style=\"--ratio: 330 \/ 210\" sizes=\"(max-width: 330px) 100vw, 330px\" width=\"330\" height=\"210\" data-dt-location=\"https:\/\/tms-medical.com\/en\/home\/mobile-clinic-2-side-expandable-2\/\" alt=\"Mobile Clinic\" title=\"\"><\/a><\/div><\/div><\/div><div id=\"ultimate-heading-552269d03169c7559\" class=\"uvc-heading ult-adjust-bottom-margin ultimate-heading-552269d03169c7559 uvc-1295 color-title\" data-hspacer=\"no_spacer\"  data-halign=\"center\" style=\"text-align:center\"><div class=\"uvc-heading-spacer no_spacer\" style=\"top\"><\/div><div class=\"uvc-main-heading ult-responsive\"  data-ultimate-target='.uvc-heading.ultimate-heading-552269d03169c7559 h2'  data-responsive-json-new='{\"font-size\":\"desktop:20px;\",\"line-height\":\"desktop:30px;\"}' ><h2 style=\"font-weight:bold;color:#007bff;\">MOBILE CLINIC<\/h2><\/div><\/div>\n\t<div class=\"wpb_text_column wpb_content_element  vc_custom_1669120260554\" >\n\t\t<div class=\"wpb_wrapper\">\n\t\t\t<p style=\"text-align: center;\">In order to answer needs of multidisciplinary approachs, TMS has created specialized and medical areas that can go from the simple Healthcare Center to the Operating,<\/p>\n\n\t\t<\/div>\n\t<\/div>\n<style type=\"text\/css\" data-type=\"the7_shortcodes-inline-css\">#default-btn-ca87bd487ab922f904c9356896579619.ico-right-side > i {\n  margin-right: 0px;\n  margin-left: 8px;\n}\n#default-btn-ca87bd487ab922f904c9356896579619 > i {\n  margin-right: 8px;\n}<\/style><div class=\"btn-align-center\"><a href=\"https:\/\/tms-medical.com\/en\/mobile-clinic\/\" class=\"default-btn-shortcode dt-btn dt-btn-m link-hover-off  vc_custom_1673429307965\" target=\"_blank\" id=\"default-btn-ca87bd487ab922f904c9356896579619\" rel=\"noopener\"><span>DETAILS<\/span><\/a><\/div><\/div><\/div><\/div><\/div><\/div><\/div><\/div><div class=\"wpb_column vc_column_container vc_col-sm-4 vc_col-lg-4 vc_col-md-4 vc_col-xs-12\"><div class=\"vc_column-inner vc_custom_1668000106229\"><div class=\"wpb_wrapper\"><div class=\"vc_row wpb_row vc_inner vc_row-fluid\"><div class=\"wpb_column vc_column_container vc_col-sm-12\"><div class=\"vc_column-inner\"><div class=\"wpb_wrapper\"><style type=\"text\/css\" data-type=\"the7_shortcodes-inline-css\">.shortcode-single-image-wrap.shortcode-single-image-698e388aa18d47ead572d702f1592c8d.enable-bg-rollover .rollover i,\n.shortcode-single-image-wrap.shortcode-single-image-698e388aa18d47ead572d702f1592c8d.enable-bg-rollover .rollover-video i {\n  background: -webkit-linear-gradient();\n  background: linear-gradient();\n}\n.shortcode-single-image-wrap.shortcode-single-image-698e388aa18d47ead572d702f1592c8d .rollover-icon {\n  font-size: 32px;\n  color: #ffffff;\n  min-width: 44px;\n  min-height: 44px;\n  line-height: 44px;\n  border-radius: 100px;\n  border-style: solid;\n  border-width: 0px;\n}\n.dt-icon-bg-on.shortcode-single-image-wrap.shortcode-single-image-698e388aa18d47ead572d702f1592c8d .rollover-icon {\n  background: rgba(255,255,255,0.3);\n  box-shadow: none;\n}<\/style><div class=\"shortcode-single-image-wrap shortcode-single-image-698e388aa18d47ead572d702f1592c8d alignnone  vc_custom_1669296681052 enable-bg-rollover dt-icon-bg-off\" ><div class=\"shortcode-single-image\"><div class=\"fancy-media-wrap\" style=\"border-radius:5px;\"><a href=\"https:\/\/tms-medical.com\/en\/mobile-dental-unit\/\" class=\"layzr-bg rollover\" style=\"border-radius:5px;\" target=\"_blank\" rel=\"noopener\" aria-label=\"Image\"><img decoding=\"async\" class=\"preload-me lazy-load aspect\" src=\"data:image\/svg+xml,%3Csvg%20xmlns%3D&#039;http%3A%2F%2Fwww.w3.org%2F2000%2Fsvg&#039;%20viewBox%3D&#039;0%200%20330%20210&#039;%2F%3E\" data-src=\"https:\/\/tms-medical.com\/wp-content\/uploads\/2022\/10\/Mobile-Dental-Clinic-Outside-1-scaled-330x210.jpg\" data-srcset=\"https:\/\/tms-medical.com\/wp-content\/uploads\/2022\/10\/Mobile-Dental-Clinic-Outside-1-scaled-330x210.jpg 330w, https:\/\/tms-medical.com\/wp-content\/uploads\/2022\/10\/Mobile-Dental-Clinic-Outside-1-scaled-660x420.jpg 660w\" loading=\"eager\" style=\"--ratio: 330 \/ 210\" sizes=\"(max-width: 330px) 100vw, 330px\" width=\"330\" height=\"210\" data-dt-location=\"https:\/\/tms-medical.com\/en\/home\/mobile-dental-clinic-outside-1\/\" alt=\"Mobil di\u015f \u00fcnitesi\" title=\"\"><\/a><\/div><\/div><\/div><div id=\"ultimate-heading-972669d03169c8501\" class=\"uvc-heading ult-adjust-bottom-margin ultimate-heading-972669d03169c8501 uvc-6442 color-title\" data-hspacer=\"no_spacer\"  data-halign=\"center\" style=\"text-align:center\"><div class=\"uvc-heading-spacer no_spacer\" style=\"top\"><\/div><div class=\"uvc-main-heading ult-responsive\"  data-ultimate-target='.uvc-heading.ultimate-heading-972669d03169c8501 h2'  data-responsive-json-new='{\"font-size\":\"desktop:20px;\",\"line-height\":\"desktop:30px;\"}' ><h2 style=\"font-weight:bold;color:#007bff;\">MOBILE DENTAL UNIT<\/h2><\/div><\/div>\n\t<div class=\"wpb_text_column wpb_content_element  vc_custom_1669120346501\" >\n\t\t<div class=\"wpb_wrapper\">\n\t\t\t<p style=\"text-align: center;\">Based on the assumption that the whole population needs to have access to overall medical care and particularly dental care,<\/p>\n\n\t\t<\/div>\n\t<\/div>\n<style type=\"text\/css\" data-type=\"the7_shortcodes-inline-css\">#default-btn-7e33ad065d597c770eaf8edf186143de.ico-right-side > i {\n  margin-right: 0px;\n  margin-left: 8px;\n}\n#default-btn-7e33ad065d597c770eaf8edf186143de > i {\n  margin-right: 8px;\n}<\/style><div class=\"btn-align-center\"><a href=\"https:\/\/tms-medical.com\/en\/mobile-dental-unit\/\" class=\"default-btn-shortcode dt-btn dt-btn-m link-hover-off  vc_custom_1673429304666\" target=\"_blank\" id=\"default-btn-7e33ad065d597c770eaf8edf186143de\" rel=\"noopener\"><span>DETAILS<\/span><\/a><\/div><\/div><\/div><\/div><\/div><\/div><\/div><\/div><div class=\"wpb_column vc_column_container vc_col-sm-4 vc_col-lg-4 vc_col-md-4 vc_col-xs-12\"><div class=\"vc_column-inner vc_custom_1498639502093\"><div class=\"wpb_wrapper\"><div class=\"vc_row wpb_row vc_inner vc_row-fluid\"><div class=\"wpb_column vc_column_container vc_col-sm-12\"><div class=\"vc_column-inner\"><div class=\"wpb_wrapper\"><style type=\"text\/css\" data-type=\"the7_shortcodes-inline-css\">.shortcode-single-image-wrap.shortcode-single-image-937afe8bac1862fad795c3a4397d78c1.enable-bg-rollover .rollover i,\n.shortcode-single-image-wrap.shortcode-single-image-937afe8bac1862fad795c3a4397d78c1.enable-bg-rollover .rollover-video i {\n  background: -webkit-linear-gradient();\n  background: linear-gradient();\n}\n.shortcode-single-image-wrap.shortcode-single-image-937afe8bac1862fad795c3a4397d78c1 .rollover-icon {\n  font-size: 32px;\n  color: #ffffff;\n  min-width: 44px;\n  min-height: 44px;\n  line-height: 44px;\n  border-radius: 100px;\n  border-style: solid;\n  border-width: 0px;\n}\n.dt-icon-bg-on.shortcode-single-image-wrap.shortcode-single-image-937afe8bac1862fad795c3a4397d78c1 .rollover-icon {\n  background: rgba(255,255,255,0.3);\n  box-shadow: none;\n}<\/style><div class=\"shortcode-single-image-wrap shortcode-single-image-937afe8bac1862fad795c3a4397d78c1 alignnone  vc_custom_1669296726178 enable-bg-rollover dt-icon-bg-off\" ><div class=\"shortcode-single-image\"><div class=\"fancy-media-wrap\" style=\"border-radius:5px;\"><a href=\"https:\/\/tms-medical.com\/en\/mobile-ophtalmology-unit\/\" class=\"layzr-bg rollover\" style=\"border-radius:5px;\" target=\"_blank\" rel=\"noopener\" aria-label=\"Image\"><img decoding=\"async\" class=\"preload-me lazy-load aspect\" src=\"data:image\/svg+xml,%3Csvg%20xmlns%3D&#039;http%3A%2F%2Fwww.w3.org%2F2000%2Fsvg&#039;%20viewBox%3D&#039;0%200%20330%20210&#039;%2F%3E\" data-src=\"https:\/\/tms-medical.com\/wp-content\/uploads\/2022\/10\/Mobile-Ophthalmology-Clinic-Inside-4-scaled-330x210.jpg\" data-srcset=\"https:\/\/tms-medical.com\/wp-content\/uploads\/2022\/10\/Mobile-Ophthalmology-Clinic-Inside-4-scaled-330x210.jpg 330w, https:\/\/tms-medical.com\/wp-content\/uploads\/2022\/10\/Mobile-Ophthalmology-Clinic-Inside-4-scaled-660x420.jpg 660w\" loading=\"eager\" style=\"--ratio: 330 \/ 210\" sizes=\"(max-width: 330px) 100vw, 330px\" width=\"330\" height=\"210\" data-dt-location=\"https:\/\/tms-medical.com\/en\/home\/mobile-ophthalmology-clinic-inside-4\/\" alt=\"Mobil G\u00f6z \u00fcnitesi\" title=\"\"><\/a><\/div><\/div><\/div><div id=\"ultimate-heading-843369d03169c91f9\" class=\"uvc-heading ult-adjust-bottom-margin ultimate-heading-843369d03169c91f9 uvc-5438 color-title\" data-hspacer=\"no_spacer\"  data-halign=\"center\" style=\"text-align:center\"><div class=\"uvc-heading-spacer no_spacer\" style=\"top\"><\/div><div class=\"uvc-main-heading ult-responsive\"  data-ultimate-target='.uvc-heading.ultimate-heading-843369d03169c91f9 h2'  data-responsive-json-new='{\"font-size\":\"desktop:20px;\",\"line-height\":\"desktop:30px;\"}' ><h2 style=\"font-weight:bold;color:#007bff;\">MOBILE OPHTALMOLOGY UNIT<\/h2><\/div><\/div>\n\t<div class=\"wpb_text_column wpb_content_element  vc_custom_1669128606716\" >\n\t\t<div class=\"wpb_wrapper\">\n\t\t\t<p style=\"text-align: center;\">Based on the assumption that the whole population needs to have access to overall medical care and particularly eye care,<\/p>\n\n\t\t<\/div>\n\t<\/div>\n<style type=\"text\/css\" data-type=\"the7_shortcodes-inline-css\">#default-btn-d9a69cece8992aa54c29619d3a1a6362.ico-right-side > i {\n  margin-right: 0px;\n  margin-left: 8px;\n}\n#default-btn-d9a69cece8992aa54c29619d3a1a6362 > i {\n  margin-right: 8px;\n}<\/style><div class=\"btn-align-center\"><a href=\"https:\/\/tms-medical.com\/en\/mobile-ophtalmology-unit\/\" class=\"default-btn-shortcode dt-btn dt-btn-m link-hover-off  vc_custom_1673429300321\" target=\"_blank\" id=\"default-btn-d9a69cece8992aa54c29619d3a1a6362\" rel=\"noopener\"><span>DETAILS<\/span><\/a><\/div><\/div><\/div><\/div><\/div><\/div><\/div><\/div><div class=\"wpb_column vc_column_container vc_col-sm-4\"><div class=\"vc_column-inner vc_custom_1498639512425\"><div class=\"wpb_wrapper\"><div class=\"vc_row wpb_row vc_inner vc_row-fluid\"><div class=\"wpb_column vc_column_container vc_col-sm-12\"><div class=\"vc_column-inner\"><div class=\"wpb_wrapper\"><style type=\"text\/css\" data-type=\"the7_shortcodes-inline-css\">.shortcode-single-image-wrap.shortcode-single-image-bf8296bb5d36dca80b0e892c3a7f3c98.enable-bg-rollover .rollover i,\n.shortcode-single-image-wrap.shortcode-single-image-bf8296bb5d36dca80b0e892c3a7f3c98.enable-bg-rollover .rollover-video i {\n  background: -webkit-linear-gradient();\n  background: linear-gradient();\n}\n.shortcode-single-image-wrap.shortcode-single-image-bf8296bb5d36dca80b0e892c3a7f3c98 .rollover-icon {\n  font-size: 32px;\n  color: #ffffff;\n  min-width: 44px;\n  min-height: 44px;\n  line-height: 44px;\n  border-radius: 100px;\n  border-style: solid;\n  border-width: 0px;\n}\n.dt-icon-bg-on.shortcode-single-image-wrap.shortcode-single-image-bf8296bb5d36dca80b0e892c3a7f3c98 .rollover-icon {\n  background: rgba(255,255,255,0.3);\n  box-shadow: none;\n}<\/style><div class=\"shortcode-single-image-wrap shortcode-single-image-bf8296bb5d36dca80b0e892c3a7f3c98 alignnone  vc_custom_1669296757750 enable-bg-rollover dt-icon-bg-off\" ><div class=\"shortcode-single-image\"><div class=\"fancy-media-wrap\" style=\"border-radius:5px;\"><a href=\"https:\/\/tms-medical.com\/en\/mobile-blood-donation-units\/\" class=\"layzr-bg rollover\" style=\"border-radius:5px;\" target=\"_blank\" rel=\"noopener\" aria-label=\"Image\"><img decoding=\"async\" class=\"preload-me lazy-load aspect\" src=\"data:image\/svg+xml,%3Csvg%20xmlns%3D&#039;http%3A%2F%2Fwww.w3.org%2F2000%2Fsvg&#039;%20viewBox%3D&#039;0%200%20330%20210&#039;%2F%3E\" data-src=\"https:\/\/tms-medical.com\/wp-content\/uploads\/2022\/10\/mobil-kan-bankasi-330x210.png\" data-srcset=\"https:\/\/tms-medical.com\/wp-content\/uploads\/2022\/10\/mobil-kan-bankasi-330x210.png 330w, https:\/\/tms-medical.com\/wp-content\/uploads\/2022\/10\/mobil-kan-bankasi-660x420.png 660w\" loading=\"eager\" style=\"--ratio: 330 \/ 210\" sizes=\"(max-width: 330px) 100vw, 330px\" width=\"330\" height=\"210\" data-dt-location=\"https:\/\/tms-medical.com\/en\/home\/mobil-kan-bankasi-2\/\" alt=\"mobil kan bankas\u0131\" title=\"\"><\/a><\/div><\/div><\/div><div id=\"ultimate-heading-706169d03169ca0d6\" class=\"uvc-heading ult-adjust-bottom-margin ultimate-heading-706169d03169ca0d6 uvc-1867 color-title\" data-hspacer=\"no_spacer\"  data-halign=\"center\" style=\"text-align:center\"><div class=\"uvc-heading-spacer no_spacer\" style=\"top\"><\/div><div class=\"uvc-main-heading ult-responsive\"  data-ultimate-target='.uvc-heading.ultimate-heading-706169d03169ca0d6 h2'  data-responsive-json-new='{\"font-size\":\"desktop:20px;\",\"line-height\":\"desktop:30px;\"}' ><h2 style=\"font-weight:bold;color:#007bff;\">MOBILE BLOOD DONATION UNIT<\/h2><\/div><\/div>\n\t<div class=\"wpb_text_column wpb_content_element  vc_custom_1669212398292\" >\n\t\t<div class=\"wpb_wrapper\">\n\t\t\t<p style=\"text-align: center;\">TMS, especially designed to match all the international expectations in terms of blood collection.<\/p>\n\n\t\t<\/div>\n\t<\/div>\n<style type=\"text\/css\" data-type=\"the7_shortcodes-inline-css\">#default-btn-1f61d9f4f3eec2bfa8c2988b65780565.ico-right-side > i {\n  margin-right: 0px;\n  margin-left: 8px;\n}\n#default-btn-1f61d9f4f3eec2bfa8c2988b65780565 > i {\n  margin-right: 8px;\n}<\/style><div class=\"btn-align-center\"><a href=\"https:\/\/tms-medical.com\/en\/mobile-blood-donation-units\/\" class=\"default-btn-shortcode dt-btn dt-btn-m link-hover-off  vc_custom_1673429291410\" target=\"_blank\" id=\"default-btn-1f61d9f4f3eec2bfa8c2988b65780565\" rel=\"noopener\"><span>DETAILS<\/span><\/a><\/div><\/div><\/div><\/div><\/div><\/div><\/div><\/div><div class=\"wpb_column vc_column_container vc_col-sm-4\"><div class=\"vc_column-inner vc_custom_1498639525872\"><div class=\"wpb_wrapper\"><div class=\"vc_row wpb_row vc_inner vc_row-fluid\"><div class=\"wpb_column vc_column_container vc_col-sm-12\"><div class=\"vc_column-inner\"><div class=\"wpb_wrapper\"><style type=\"text\/css\" data-type=\"the7_shortcodes-inline-css\">.shortcode-single-image-wrap.shortcode-single-image-53bf727fa42ca6a33183b14cf4f4da1e.enable-bg-rollover .rollover i,\n.shortcode-single-image-wrap.shortcode-single-image-53bf727fa42ca6a33183b14cf4f4da1e.enable-bg-rollover .rollover-video i {\n  background: -webkit-linear-gradient();\n  background: linear-gradient();\n}\n.shortcode-single-image-wrap.shortcode-single-image-53bf727fa42ca6a33183b14cf4f4da1e .rollover-icon {\n  font-size: 32px;\n  color: #ffffff;\n  min-width: 44px;\n  min-height: 44px;\n  line-height: 44px;\n  border-radius: 100px;\n  border-style: solid;\n  border-width: 0px;\n}\n.dt-icon-bg-on.shortcode-single-image-wrap.shortcode-single-image-53bf727fa42ca6a33183b14cf4f4da1e .rollover-icon {\n  background: rgba(255,255,255,0.3);\n  box-shadow: none;\n}<\/style><div class=\"shortcode-single-image-wrap shortcode-single-image-53bf727fa42ca6a33183b14cf4f4da1e alignnone  vc_custom_1669296870121 enable-bg-rollover dt-icon-bg-off\" ><div class=\"shortcode-single-image\"><div class=\"fancy-media-wrap\" style=\"border-radius:5px;\"><a href=\"https:\/\/tms-medical.com\/en\/mobile-screening-unit\/\" class=\"layzr-bg rollover\" style=\"border-radius:5px;\" target=\"_blank\" rel=\"noopener\" aria-label=\"Image\"><img decoding=\"async\" class=\"preload-me lazy-load aspect\" src=\"data:image\/svg+xml,%3Csvg%20xmlns%3D&#039;http%3A%2F%2Fwww.w3.org%2F2000%2Fsvg&#039;%20viewBox%3D&#039;0%200%20330%20210&#039;%2F%3E\" data-src=\"https:\/\/tms-medical.com\/wp-content\/uploads\/2022\/11\/18-mt-One-Side-Expandable-Inside-Equp.-13-scaled-330x210.jpg\" data-srcset=\"https:\/\/tms-medical.com\/wp-content\/uploads\/2022\/11\/18-mt-One-Side-Expandable-Inside-Equp.-13-scaled-330x210.jpg 330w, https:\/\/tms-medical.com\/wp-content\/uploads\/2022\/11\/18-mt-One-Side-Expandable-Inside-Equp.-13-scaled-660x420.jpg 660w\" loading=\"eager\" style=\"--ratio: 330 \/ 210\" sizes=\"(max-width: 330px) 100vw, 330px\" width=\"330\" height=\"210\" data-dt-location=\"https:\/\/tms-medical.com\/en\/mobile-health-vehicles\/18-mt-one-side-expandable-inside-equp-13\/\" alt=\"mobil tarama \u00fcnitesi\" title=\"\"><\/a><\/div><\/div><\/div><div id=\"ultimate-heading-12069d03169cb3ab\" class=\"uvc-heading ult-adjust-bottom-margin ultimate-heading-12069d03169cb3ab uvc-8429 color-title\" data-hspacer=\"no_spacer\"  data-halign=\"center\" style=\"text-align:center\"><div class=\"uvc-heading-spacer no_spacer\" style=\"top\"><\/div><div class=\"uvc-main-heading ult-responsive\"  data-ultimate-target='.uvc-heading.ultimate-heading-12069d03169cb3ab h2'  data-responsive-json-new='{\"font-size\":\"desktop:20px;\",\"line-height\":\"desktop:30px;\"}' ><h2 style=\"font-weight:bold;color:#007bff;\">MOBILE SCREENING UNIT<\/h2><\/div><\/div>\n\t<div class=\"wpb_text_column wpb_content_element  vc_custom_1669212871577\" >\n\t\t<div class=\"wpb_wrapper\">\n\t\t\t<p style=\"text-align: center;\">Ever attentive to listen to new needs, TMS imagines even more advanced and specialized screening solutions adapting its bodyworks to the requirements and new healthcare technologies.<\/p>\n\n\t\t<\/div>\n\t<\/div>\n<style type=\"text\/css\" data-type=\"the7_shortcodes-inline-css\">#default-btn-0ca5956e65e9245257ef34f0831ca59c.ico-right-side > i {\n  margin-right: 0px;\n  margin-left: 8px;\n}\n#default-btn-0ca5956e65e9245257ef34f0831ca59c > i {\n  margin-right: 8px;\n}<\/style><div class=\"btn-align-center\"><a href=\"https:\/\/tms-medical.com\/en\/mobile-screening-unit\/\" class=\"default-btn-shortcode dt-btn dt-btn-m link-hover-off  vc_custom_1673429284192\" target=\"_blank\" id=\"default-btn-0ca5956e65e9245257ef34f0831ca59c\" rel=\"noopener\"><span>DETAILS<\/span><\/a><\/div><\/div><\/div><\/div><\/div><\/div><\/div><\/div><div class=\"wpb_column vc_column_container vc_col-sm-4\"><div class=\"vc_column-inner vc_custom_1498639540926\"><div class=\"wpb_wrapper\"><\/div><\/div><\/div><\/div>\n<\/div>","protected":false},"excerpt":{"rendered":"<p>MOB\u0130L KL\u0130N\u0130K Multidisipliner yakla\u015f\u0131mlar\u0131n ihtiya\u00e7lar\u0131na cevap verebilmek i\u00e7in TMS, basit Sa\u011fl\u0131k Merkezinden Ameliyathaneye kadar gidebilen, MOB\u0130L D\u0130\u015e \u00dcN\u0130TES\u0130 T\u00fcm n\u00fcfusun genel t\u0131bbi bak\u0131ma ve \u00f6zellikle di\u015f bak\u0131m\u0131na eri\u015fmesi gerekti\u011fi varsay\u0131m\u0131na dayanarak, MOB\u0130L G\u00d6Z \u00dcN\u0130TES\u0130 T\u00fcm n\u00fcfusun genel t\u0131bbi bak\u0131ma ve \u00f6zellikle g\u00f6z bak\u0131m\u0131na eri\u015fmesi gerekti\u011fi varsay\u0131m\u0131na dayanarak, MOB\u0130L KAN BANKASI \u00dcN\u0130TES\u0130 TMS, \u00f6zellikle kan al\u0131m\u0131&hellip;<\/p>","protected":false},"author":1,"featured_media":0,"parent":0,"menu_order":100,"comment_status":"closed","ping_status":"closed","template":"","meta":{"inline_featured_image":false,"footnotes":""},"class_list":["post-2760","page","type-page","status-publish","hentry","description-off"],"_links":{"self":[{"href":"https:\/\/tms-medical.com\/en\/wp-json\/wp\/v2\/pages\/2760","targetHints":{"allow":["GET"]}}],"collection":[{"href":"https:\/\/tms-medical.com\/en\/wp-json\/wp\/v2\/pages"}],"about":[{"href":"https:\/\/tms-medical.com\/en\/wp-json\/wp\/v2\/types\/page"}],"author":[{"embeddable":true,"href":"https:\/\/tms-medical.com\/en\/wp-json\/wp\/v2\/users\/1"}],"replies":[{"embeddable":true,"href":"https:\/\/tms-medical.com\/en\/wp-json\/wp\/v2\/comments?post=2760"}],"version-history":[{"count":0,"href":"https:\/\/tms-medical.com\/en\/wp-json\/wp\/v2\/pages\/2760\/revisions"}],"wp:attachment":[{"href":"https:\/\/tms-medical.com\/en\/wp-json\/wp\/v2\/media?parent=2760"}],"curies":[{"name":"wp","href":"https:\/\/api.w.org\/{rel}","templated":true}]}}