{"id":2747,"date":"2022-11-21T15:53:05","date_gmt":"2022-11-21T12:53:05","guid":{"rendered":"https:\/\/tms-medical.com\/?page_id=2747"},"modified":"2023-02-01T14:49:37","modified_gmt":"2023-02-01T11:49:37","slug":"mobil-kan-bankasi","status":"publish","type":"page","link":"https:\/\/tms-medical.com\/en\/mobile-blood-donation-units\/","title":{"rendered":"Mobil Kan Bankas\u0131"},"content":{"rendered":"<div class=\"wpb-content-wrapper\"><div class=\"vc_row wpb_row vc_row-fluid mobil-kan vc_custom_1673509237559 vc_row-o-equal-height vc_row-o-content-top vc_row-flex\"><div class=\"wpb_column vc_column_container vc_col-sm-8 vc_col-lg-offset-0 vc_col-lg-6 vc_col-md-offset-0 vc_col-md-6 vc_col-sm-offset-2 vc_col-xs-12\"><div class=\"vc_column-inner\"><div class=\"wpb_wrapper\"><style type=\"text\/css\" data-type=\"the7_shortcodes-inline-css\">.shortcode-single-image-wrap.shortcode-single-image-588f9943606e157c794b6c67043c8200.enable-bg-rollover .rollover i,\n.shortcode-single-image-wrap.shortcode-single-image-588f9943606e157c794b6c67043c8200.enable-bg-rollover .rollover-video i {\n  background: -webkit-linear-gradient();\n  background: linear-gradient();\n}\n.shortcode-single-image-wrap.shortcode-single-image-588f9943606e157c794b6c67043c8200 .rollover-icon {\n  font-size: 32px;\n  color: #ffffff;\n  min-width: 44px;\n  min-height: 44px;\n  line-height: 44px;\n  border-radius: 100px;\n  border-style: solid;\n  border-width: 0px;\n}\n.dt-icon-bg-on.shortcode-single-image-wrap.shortcode-single-image-588f9943606e157c794b6c67043c8200 .rollover-icon {\n  background: rgba(255,255,255,0.3);\n  box-shadow: none;\n}<\/style><div class=\"shortcode-single-image-wrap shortcode-single-image-588f9943606e157c794b6c67043c8200 alignnone  enable-bg-rollover dt-icon-bg-off\" style=\"margin-top:0px; margin-bottom:0px; margin-left:0px; margin-right:0px; width:500px;\"><div class=\"shortcode-single-image\"><div class=\"fancy-media-wrap  layzr-bg\" style=\"border-radius:5px;\"><img fetchpriority=\"high\" decoding=\"async\" class=\"preload-me lazy-load aspect\" src=\"data:image\/svg+xml,%3Csvg%20xmlns%3D&#039;http%3A%2F%2Fwww.w3.org%2F2000%2Fsvg&#039;%20viewBox%3D&#039;0%200%20500%20350&#039;%2F%3E\" data-src=\"https:\/\/tms-medical.com\/wp-content\/uploads\/2022\/10\/mobil-kan-bankasi-500x350.png\" data-srcset=\"https:\/\/tms-medical.com\/wp-content\/uploads\/2022\/10\/mobil-kan-bankasi-500x350.png 500w, https:\/\/tms-medical.com\/wp-content\/uploads\/2022\/10\/mobil-kan-bankasi-1000x700.png 1000w\" loading=\"eager\" sizes=\"(max-width: 500px) 100vw, 500px\" width=\"500\" height=\"350\" data-dt-location=\"https:\/\/tms-medical.com\/en\/home\/mobil-kan-bankasi-2\/\" style=\"--ratio: 500 \/ 350;box-shadow:5px 5px 5px 5px rgba(0,0,0,0.6); -webkit-box-shadow:5px 5px 5px 5px rgba(0,0,0,0.6); border-radius:5px;\" alt=\"mobil kan bankas\u0131\" title=\"\"><\/div><\/div><\/div><style type=\"text\/css\" data-type=\"the7_shortcodes-inline-css\">.gallery-carousel-shortcode.gallery-carousel-shortcode-id-070aa3085c323fa9b5d8bf205180bf6a .owl-nav a {\n  width: 30px;\n  height: 30px;\n  border-radius: 500px;\n}\n.dt-arrow-border-on.gallery-carousel-shortcode.gallery-carousel-shortcode-id-070aa3085c323fa9b5d8bf205180bf6a .owl-nav a:not(:hover):before {\n  border-width: 0px;\n}\n.dt-arrow-hover-border-on.gallery-carousel-shortcode.gallery-carousel-shortcode-id-070aa3085c323fa9b5d8bf205180bf6a .owl-nav a:hover:after {\n  border-width: 0px;\n}\n.gallery-carousel-shortcode.gallery-carousel-shortcode-id-070aa3085c323fa9b5d8bf205180bf6a .owl-nav a.owl-prev {\n  top: 50%;\n  transform: translateY(calc(-50% + 0px));\n  left: -43px;\n}\n@media all and (-ms-high-contrast: none) {\n  .gallery-carousel-shortcode.gallery-carousel-shortcode-id-070aa3085c323fa9b5d8bf205180bf6a .owl-nav a.owl-prev {\n    transform: translateY(-50%);\n    margin-top: 0px;\n  }\n}\n.gallery-carousel-shortcode.gallery-carousel-shortcode-id-070aa3085c323fa9b5d8bf205180bf6a .owl-nav a.owl-prev i {\n  padding: 0px 0px 0px 0px;\n}\n.gallery-carousel-shortcode.gallery-carousel-shortcode-id-070aa3085c323fa9b5d8bf205180bf6a .owl-nav a.owl-next {\n  top: 50%;\n  transform: translateY(calc(-50% + 0px));\n  right: -43px;\n}\n@media all and (-ms-high-contrast: none) {\n  .gallery-carousel-shortcode.gallery-carousel-shortcode-id-070aa3085c323fa9b5d8bf205180bf6a .owl-nav a.owl-next {\n    transform: translateY(-50%);\n    margin-top: 0px;\n  }\n}\n.gallery-carousel-shortcode.gallery-carousel-shortcode-id-070aa3085c323fa9b5d8bf205180bf6a .owl-nav a.owl-next i {\n  padding: 0px 0px 0px 0px;\n}\n.gallery-carousel-shortcode.gallery-carousel-shortcode-id-070aa3085c323fa9b5d8bf205180bf6a .owl-nav i {\n  font-size: 18px;\n}\n.gallery-carousel-shortcode.gallery-carousel-shortcode-id-070aa3085c323fa9b5d8bf205180bf6a .owl-nav a:not(:hover) i,\n.gallery-carousel-shortcode.gallery-carousel-shortcode-id-070aa3085c323fa9b5d8bf205180bf6a .owl-nav a:not(:hover) i:before {\n  color: #ffffff;\n  background: none;\n}\n.gallery-carousel-shortcode.gallery-carousel-shortcode-id-070aa3085c323fa9b5d8bf205180bf6a .owl-nav a:hover i,\n.gallery-carousel-shortcode.gallery-carousel-shortcode-id-070aa3085c323fa9b5d8bf205180bf6a .owl-nav a:hover i:before {\n  color: rgba(255,255,255,0.75);\n  background: none;\n}\n.gallery-carousel-shortcode.gallery-carousel-shortcode-id-070aa3085c323fa9b5d8bf205180bf6a .owl-dots {\n  top: calc(100% + 20px);\n  left: 50%;\n  transform: translateX(calc(-50% + 0px));\n}\n@media all and (-ms-high-contrast: none) {\n  .gallery-carousel-shortcode.gallery-carousel-shortcode-id-070aa3085c323fa9b5d8bf205180bf6a .owl-dots {\n    transform: translateX(-50%);\n    margin-left: 0px;\n  }\n}\n.gallery-carousel-shortcode.gallery-carousel-shortcode-id-070aa3085c323fa9b5d8bf205180bf6a .owl-dot {\n  width: 10px;\n  height: 10px;\n  margin: 0 8px;\n}\n@media screen and (max-width: 778px) {\n  .gallery-carousel-shortcode.gallery-carousel-shortcode-id-070aa3085c323fa9b5d8bf205180bf6a.hide-arrows .owl-nav a {\n    display: none;\n  }\n}\n@media screen and (max-width: 778px) {\n  .gallery-carousel-shortcode.gallery-carousel-shortcode-id-070aa3085c323fa9b5d8bf205180bf6a.reposition-arrows .owl-nav .owl-prev {\n    top: 50%;\n    transform: translateY(calc(-50% + 0px));\n    left: 10px;\n  }\n  .gallery-carousel-shortcode.gallery-carousel-shortcode-id-070aa3085c323fa9b5d8bf205180bf6a.reposition-arrows .owl-nav .owl-next {\n    top: 50%;\n    transform: translateY(calc(-50% + 0px));\n    right: 10px;\n  }\n}\n@media screen and (max-width: 778px) and all and (-ms-high-contrast: none) {\n  .gallery-carousel-shortcode.gallery-carousel-shortcode-id-070aa3085c323fa9b5d8bf205180bf6a.reposition-arrows .owl-nav .owl-prev {\n    transform: translateY(-50%);\n    margin-top: 0px;\n  }\n}\n@media screen and (max-width: 778px) and all and (-ms-high-contrast: none) {\n  .gallery-carousel-shortcode.gallery-carousel-shortcode-id-070aa3085c323fa9b5d8bf205180bf6a.reposition-arrows .owl-nav .owl-next {\n    transform: translateY(-50%);\n    margin-top: 0px;\n  }\n}\n.gallery-carousel-shortcode.gallery-carousel-shortcode-id-070aa3085c323fa9b5d8bf205180bf6a figure,\n.gallery-carousel-shortcode.gallery-carousel-shortcode-id-070aa3085c323fa9b5d8bf205180bf6a .rollover,\n.gallery-carousel-shortcode.gallery-carousel-shortcode-id-070aa3085c323fa9b5d8bf205180bf6a img,\n.gallery-carousel-shortcode.gallery-carousel-shortcode-id-070aa3085c323fa9b5d8bf205180bf6a .gallery-rollover {\n  border-radius: 5px;\n}\n.gallery-carousel-shortcode.gallery-carousel-shortcode-id-070aa3085c323fa9b5d8bf205180bf6a.enable-bg-rollover .gallery-rollover {\n  background: -webkit-linear-gradient();\n  background: linear-gradient();\n}\n.gallery-carousel-shortcode.gallery-carousel-shortcode-id-070aa3085c323fa9b5d8bf205180bf6a.enable-img-shadow .owl-stage-outer {\n  padding: 14px 0;\n}\n.gallery-carousel-shortcode.gallery-carousel-shortcode-id-070aa3085c323fa9b5d8bf205180bf6a.enable-bg-rollover.hover-scale figure .rollover:after {\n  background: -webkit-linear-gradient();\n  background: linear-gradient();\n}\n.gallery-carousel-shortcode.gallery-carousel-shortcode-id-070aa3085c323fa9b5d8bf205180bf6a.gallery-shortcode .gallery-zoom-ico {\n  width: 42px;\n  height: 42px;\n  line-height: 42px;\n  border-radius: 100px;\n  margin: -21px 0 0 -21px;\n  border-width: 0px;\n}\n.dt-icon-bg-on.gallery-carousel-shortcode.gallery-carousel-shortcode-id-070aa3085c323fa9b5d8bf205180bf6a.gallery-shortcode .gallery-zoom-ico {\n  background: rgba(255,255,255,0.3);\n  box-shadow: none;\n}\n.gallery-carousel-shortcode.gallery-carousel-shortcode-id-070aa3085c323fa9b5d8bf205180bf6a.gallery-shortcode .gallery-zoom-ico:before,\n.gallery-carousel-shortcode.gallery-carousel-shortcode-id-070aa3085c323fa9b5d8bf205180bf6a.gallery-shortcode .gallery-zoom-ico span {\n  font-size: 30px;\n  line-height: 42px;\n  color: #ffffff;\n  background: none;\n}<\/style><div class=\"owl-carousel gallery-carousel-shortcode gallery-shortcode  dt-gallery-container dt-owl-carousel-call gallery-carousel-shortcode-id-070aa3085c323fa9b5d8bf205180bf6a quick-scale-img enable-bg-rollover meta-info-off dt-arrow-border-on dt-arrow-hover-border-on bullets-small-dot-stroke reposition-arrows dt-icon-bg-off arrows-bg-on disable-arrows-hover-bg arrows-hover-bg-on  vc_custom_1669036258759 hover-fade\" data-scroll-mode=\"1\" data-col-num=\"6\" data-wide-col-num=\"4\" data-laptop-col=\"5\" data-h-tablet-columns-num=\"4\" data-v-tablet-columns-num=\"3\" data-phone-columns-num=\"1\" data-col-gap=\"10\" data-stage-padding=\"0\" data-speed=\"600\" data-autoplay=\"false\" data-autoplay_speed=\"6000\" data-arrows=\"true\" data-bullet=\"false\" data-next-icon=\"icon-ar-017-r\" data-prev-icon=\"icon-ar-017-l\" data-img-shadow-size=\"12px\" data-img-shadow-spread=\"3px\"><div data-post-id=\"2428\" data-date=\"2022-11-07T16:07:20+03:00\" data-name=\"mobil kan bankas\u0131_01\"><figure class=\"post\"><a href=\"https:\/\/tms-medical.com\/wp-content\/uploads\/2022\/11\/mobil-kan-bankasi_01.png\" class=\"rollover dt-pswp-item layzr-bg\" data-large_image_width=\"2500\" data-large_image_height=\"1408\" data-dt-img-description=\"\" title=\"mobil kan bankas\u0131_01\"><img decoding=\"async\" class=\"preload-me owl-lazy-load aspect\" src=\"data:image\/svg+xml,%3Csvg%20xmlns%3D&#039;http%3A%2F%2Fwww.w3.org%2F2000%2Fsvg&#039;%20viewBox%3D&#039;0%200%202500%201408&#039;%2F%3E\" data-src=\"https:\/\/tms-medical.com\/wp-content\/uploads\/2022\/11\/mobil-kan-bankasi_01.png\" data-srcset=\"https:\/\/tms-medical.com\/wp-content\/uploads\/2022\/11\/mobil-kan-bankasi_01.png 2500w\" loading=\"eager\" style=\"--ratio: 2500 \/ 1408\" sizes=\"(max-width: 2500px) 100vw, 2500px\" alt=\"mobil kan bankas\u0131_01\" width=\"2500\" height=\"1408\" title=\"\"><span class=\"gallery-rollover\"><span class=\"gallery-zoom-ico icomoon-the7-font-the7-zoom-06\"><span><\/span><\/span><\/span><\/a><\/figure><\/div><div data-post-id=\"2424\" data-date=\"2022-11-07T16:06:52+03:00\" data-name=\"mobil kan bankas\u0131_03\"><figure class=\"post\"><a href=\"https:\/\/tms-medical.com\/wp-content\/uploads\/2022\/11\/mobil-kan-bankasi_03.png\" class=\"rollover dt-pswp-item layzr-bg\" data-large_image_width=\"2500\" data-large_image_height=\"1408\" data-dt-img-description=\"\" title=\"mobil kan bankas\u0131_03\"><img decoding=\"async\" class=\"preload-me owl-lazy-load aspect\" src=\"data:image\/svg+xml,%3Csvg%20xmlns%3D&#039;http%3A%2F%2Fwww.w3.org%2F2000%2Fsvg&#039;%20viewBox%3D&#039;0%200%202500%201408&#039;%2F%3E\" data-src=\"https:\/\/tms-medical.com\/wp-content\/uploads\/2022\/11\/mobil-kan-bankasi_03.png\" data-srcset=\"https:\/\/tms-medical.com\/wp-content\/uploads\/2022\/11\/mobil-kan-bankasi_03.png 2500w\" loading=\"eager\" style=\"--ratio: 2500 \/ 1408\" sizes=\"(max-width: 2500px) 100vw, 2500px\" alt=\"\" width=\"2500\" height=\"1408\" title=\"\"><span class=\"gallery-rollover\"><span class=\"gallery-zoom-ico icomoon-the7-font-the7-zoom-06\"><span><\/span><\/span><\/span><\/a><\/figure><\/div><div data-post-id=\"2423\" data-date=\"2022-11-07T16:06:44+03:00\" data-name=\"mobil kan bankas\u0131_02\"><figure class=\"post\"><a href=\"https:\/\/tms-medical.com\/wp-content\/uploads\/2022\/11\/mobil-kan-bankasi_02.png\" class=\"rollover dt-pswp-item layzr-bg\" data-large_image_width=\"2500\" data-large_image_height=\"1408\" data-dt-img-description=\"\" title=\"mobil kan bankas\u0131_02\"><img decoding=\"async\" class=\"preload-me owl-lazy-load aspect\" src=\"data:image\/svg+xml,%3Csvg%20xmlns%3D&#039;http%3A%2F%2Fwww.w3.org%2F2000%2Fsvg&#039;%20viewBox%3D&#039;0%200%202500%201408&#039;%2F%3E\" data-src=\"https:\/\/tms-medical.com\/wp-content\/uploads\/2022\/11\/mobil-kan-bankasi_02.png\" data-srcset=\"https:\/\/tms-medical.com\/wp-content\/uploads\/2022\/11\/mobil-kan-bankasi_02.png 2500w\" loading=\"eager\" style=\"--ratio: 2500 \/ 1408\" sizes=\"(max-width: 2500px) 100vw, 2500px\" alt=\"\" width=\"2500\" height=\"1408\" title=\"\"><span class=\"gallery-rollover\"><span class=\"gallery-zoom-ico icomoon-the7-font-the7-zoom-06\"><span><\/span><\/span><\/span><\/a><\/figure><\/div><div data-post-id=\"2427\" data-date=\"2022-11-07T16:07:14+03:00\" data-name=\"mobil kan bankas\u0131_06\"><figure class=\"post\"><a href=\"https:\/\/tms-medical.com\/wp-content\/uploads\/2022\/11\/mobil-kan-bankasi_06.png\" class=\"rollover dt-pswp-item layzr-bg\" data-large_image_width=\"2500\" data-large_image_height=\"1408\" data-dt-img-description=\"\" title=\"mobil kan bankas\u0131_06\"><img decoding=\"async\" class=\"preload-me owl-lazy-load aspect\" src=\"data:image\/svg+xml,%3Csvg%20xmlns%3D&#039;http%3A%2F%2Fwww.w3.org%2F2000%2Fsvg&#039;%20viewBox%3D&#039;0%200%202500%201408&#039;%2F%3E\" data-src=\"https:\/\/tms-medical.com\/wp-content\/uploads\/2022\/11\/mobil-kan-bankasi_06.png\" data-srcset=\"https:\/\/tms-medical.com\/wp-content\/uploads\/2022\/11\/mobil-kan-bankasi_06.png 2500w\" loading=\"eager\" style=\"--ratio: 2500 \/ 1408\" sizes=\"(max-width: 2500px) 100vw, 2500px\" alt=\"\" width=\"2500\" height=\"1408\" title=\"\"><span class=\"gallery-rollover\"><span class=\"gallery-zoom-ico icomoon-the7-font-the7-zoom-06\"><span><\/span><\/span><\/span><\/a><\/figure><\/div><div data-post-id=\"2426\" data-date=\"2022-11-07T16:07:07+03:00\" data-name=\"mobil kan bankas\u0131_05\"><figure class=\"post\"><a href=\"https:\/\/tms-medical.com\/wp-content\/uploads\/2022\/11\/mobil-kan-bankasi_05.png\" class=\"rollover dt-pswp-item layzr-bg\" data-large_image_width=\"2500\" data-large_image_height=\"1408\" data-dt-img-description=\"\" title=\"mobil kan bankas\u0131_05\"><img decoding=\"async\" class=\"preload-me owl-lazy-load aspect\" src=\"data:image\/svg+xml,%3Csvg%20xmlns%3D&#039;http%3A%2F%2Fwww.w3.org%2F2000%2Fsvg&#039;%20viewBox%3D&#039;0%200%202500%201408&#039;%2F%3E\" data-src=\"https:\/\/tms-medical.com\/wp-content\/uploads\/2022\/11\/mobil-kan-bankasi_05.png\" data-srcset=\"https:\/\/tms-medical.com\/wp-content\/uploads\/2022\/11\/mobil-kan-bankasi_05.png 2500w\" loading=\"eager\" style=\"--ratio: 2500 \/ 1408\" sizes=\"(max-width: 2500px) 100vw, 2500px\" alt=\"\" width=\"2500\" height=\"1408\" title=\"\"><span class=\"gallery-rollover\"><span class=\"gallery-zoom-ico icomoon-the7-font-the7-zoom-06\"><span><\/span><\/span><\/span><\/a><\/figure><\/div><div data-post-id=\"2425\" data-date=\"2022-11-07T16:06:59+03:00\" data-name=\"mobil kan bankas\u0131_04\"><figure class=\"post\"><a href=\"https:\/\/tms-medical.com\/wp-content\/uploads\/2022\/11\/mobil-kan-bankasi_04.png\" class=\"rollover dt-pswp-item layzr-bg\" data-large_image_width=\"2500\" data-large_image_height=\"1408\" data-dt-img-description=\"\" title=\"mobil kan bankas\u0131_04\"><img decoding=\"async\" class=\"preload-me owl-lazy-load aspect\" src=\"data:image\/svg+xml,%3Csvg%20xmlns%3D&#039;http%3A%2F%2Fwww.w3.org%2F2000%2Fsvg&#039;%20viewBox%3D&#039;0%200%202500%201408&#039;%2F%3E\" data-src=\"https:\/\/tms-medical.com\/wp-content\/uploads\/2022\/11\/mobil-kan-bankasi_04.png\" data-srcset=\"https:\/\/tms-medical.com\/wp-content\/uploads\/2022\/11\/mobil-kan-bankasi_04.png 2500w\" loading=\"eager\" style=\"--ratio: 2500 \/ 1408\" sizes=\"(max-width: 2500px) 100vw, 2500px\" alt=\"\" width=\"2500\" height=\"1408\" title=\"\"><span class=\"gallery-rollover\"><span class=\"gallery-zoom-ico icomoon-the7-font-the7-zoom-06\"><span><\/span><\/span><\/span><\/a><\/figure><\/div><\/div><\/div><\/div><\/div><div class=\"wpb_column vc_column_container vc_col-sm-8 vc_col-lg-offset-0 vc_col-lg-6 vc_col-md-offset-0 vc_col-md-6 vc_col-sm-offset-2 vc_col-xs-12\"><div class=\"vc_column-inner\"><div class=\"wpb_wrapper\"><div id=\"ultimate-heading-608469ef89e6e6a62\" class=\"uvc-heading ult-adjust-bottom-margin ultimate-heading-608469ef89e6e6a62 uvc-7278 color-title accent-title-color\" data-hspacer=\"no_spacer\"  data-halign=\"left\" style=\"text-align:left\"><div class=\"uvc-heading-spacer no_spacer\" style=\"top\"><\/div><div class=\"uvc-main-heading ult-responsive\"  data-ultimate-target='.uvc-heading.ultimate-heading-608469ef89e6e6a62 h2'  data-responsive-json-new='{\"font-size\":\"desktop:20px;\",\"line-height\":\"desktop:26px;\"}' ><h2 style=\"font-weight:bold;margin-bottom:5px;\">Mobile Blood Donation Units<\/h2><\/div><\/div>\n\t<div class=\"wpb_text_column wpb_content_element  vc_custom_1669035746416\" >\n\t\t<div class=\"wpb_wrapper\">\n\t\t\t<p>TMS proposes a wide choice of Blood Donation Units, from two to nine donation beds, especially designed to match all the international expectations in terms of blood collection.<\/p>\n\n\t\t<\/div>\n\t<\/div>\n<div class=\"standard-arrow list-divider bullet-top\"><ul>\n<li>They are judiciously divided and arranged ergonomically to offer donors and medical staff a comfort and a safety without a hitch.<\/li>\n<\/ul>\n<\/div><style type=\"text\/css\" data-type=\"the7_shortcodes-inline-css\">#default-btn-3f5f12deb7311f8d1d01ec9cc559fca9.ico-right-side > i {\n  margin-right: 0px;\n  margin-left: 8px;\n}\n#default-btn-3f5f12deb7311f8d1d01ec9cc559fca9 > i {\n  margin-right: 8px;\n}<\/style><a href=\"https:\/\/tms-medical.com\/en\/contact\/\" class=\"default-btn-shortcode dt-btn dt-btn-m link-hover-off btn-inline-left  vc_custom_1667213487083\" id=\"default-btn-3f5f12deb7311f8d1d01ec9cc559fca9\"><span>CONTACT US !<\/span><\/a><span id=\"creative-link-wrap-9167\" class=\"ult_main_cl ult-adjust-bottom-margin\" >\n\t \t\t\t<span class=\"ult_cl_link_6  ult_crlink\" >\n\t\t\t\t\t<a  data-ultimate-target='#creative-link-wrap-9167 .ult_colorlink'  data-responsive-json-new='{\"font-size\":\"\",\"line-height\":\"\"}'  href=\"https:\/\/tms-medical.com\/en\/mobile-health-vehicles\/\" target=\"_blank\" rel=\"noopener\"  class=\"ult_colorlink ult-responsive  vc_custom_1673430096780\" style=\"float:left;font-weight:normal;color:#0377c9; \"  data-textcolor=\"#1b346d\" data-texthover=\"#0377c9\"data-style=\"Style_6\">\n\t\t\t\t\t\t\n\t\t\t\t\t\t<span data-hover=\"T\u00fcm\u00fcn\u00fc G\u00f6ster\" style=\"color:#1b346d;;;\" class=\"ult_btn10_span\">All View<\/span>\n\t\t\t\t\t\t<span class=\"ult_btn6_link_top\" data-color=\"#333333\">\u2022<\/span>\n\t\t\t\t\t<\/a>\n\t\t\t\t<\/span>\n\t\t\t<\/span><\/div><\/div><\/div><\/div>\n<\/div>","protected":false},"excerpt":{"rendered":"<p>Mobil Kan Bankas\u0131 \u00dcnitesi TMS, \u00f6zellikle kan al\u0131m\u0131 a\u00e7\u0131s\u0131ndan t\u00fcm uluslararas\u0131 beklentileri kar\u015f\u0131lamak \u00fczere tasarlanm\u0131\u015f, iki ila dokuz ba\u011f\u0131\u015f yata\u011f\u0131ndan olu\u015fan geni\u015f bir Kan Ba\u011f\u0131\u015f \u00dcnitesi se\u00e7ene\u011fi sunar. Mobil Kan Bankas\u0131 \u00dcnitesi; Don\u00f6rlere ve t\u0131bbi personele sorunsuz bir konfor ve g\u00fcvenlik sunmak i\u00e7in ak\u0131ll\u0131ca b\u00f6l\u00fcnm\u00fc\u015f ve ergonomik olarak d\u00fczenlenmi\u015ftir. T\u00fcm\u00fcn\u00fc G\u00f6ster \u2022<\/p>","protected":false},"author":1,"featured_media":0,"parent":0,"menu_order":500,"comment_status":"closed","ping_status":"closed","template":"","meta":{"inline_featured_image":false,"footnotes":""},"class_list":["post-2747","page","type-page","status-publish","hentry","description-off"],"_links":{"self":[{"href":"https:\/\/tms-medical.com\/en\/wp-json\/wp\/v2\/pages\/2747","targetHints":{"allow":["GET"]}}],"collection":[{"href":"https:\/\/tms-medical.com\/en\/wp-json\/wp\/v2\/pages"}],"about":[{"href":"https:\/\/tms-medical.com\/en\/wp-json\/wp\/v2\/types\/page"}],"author":[{"embeddable":true,"href":"https:\/\/tms-medical.com\/en\/wp-json\/wp\/v2\/users\/1"}],"replies":[{"embeddable":true,"href":"https:\/\/tms-medical.com\/en\/wp-json\/wp\/v2\/comments?post=2747"}],"version-history":[{"count":0,"href":"https:\/\/tms-medical.com\/en\/wp-json\/wp\/v2\/pages\/2747\/revisions"}],"wp:attachment":[{"href":"https:\/\/tms-medical.com\/en\/wp-json\/wp\/v2\/media?parent=2747"}],"curies":[{"name":"wp","href":"https:\/\/api.w.org\/{rel}","templated":true}]}}