{"id":2652,"date":"2022-11-18T10:38:37","date_gmt":"2022-11-18T07:38:37","guid":{"rendered":"https:\/\/tms-medical.com\/?page_id=2652"},"modified":"2023-01-26T15:21:36","modified_gmt":"2023-01-26T12:21:36","slug":"insan-kaynaklari","status":"publish","type":"page","link":"https:\/\/tms-medical.com\/en\/human-resources\/","title":{"rendered":"Human Resources"},"content":{"rendered":"<div class=\"wpb-content-wrapper\"><div class=\"vc_row wpb_row vc_row-fluid vc_custom_1668757982717 vc_row-o-equal-height vc_row-o-content-middle vc_row-flex\"><div class=\"wpb_column vc_column_container vc_col-sm-8\"><div class=\"vc_column-inner vc_custom_1580733628712\"><div class=\"wpb_wrapper\"><div id=\"ultimate-heading-415169e34baf85828\" class=\"uvc-heading ult-adjust-bottom-margin ultimate-heading-415169e34baf85828 uvc-7288  uvc-heading-default-font-sizes\" data-hspacer=\"no_spacer\"  data-halign=\"left\" style=\"text-align:left\"><div class=\"uvc-heading-spacer no_spacer\" style=\"top\"><\/div><div class=\"uvc-sub-heading ult-responsive\"  data-ultimate-target='.uvc-heading.ultimate-heading-415169e34baf85828 .uvc-sub-heading '  data-responsive-json-new='{\"font-size\":\"desktop:14px;\",\"line-height\":\"desktop:26px;\"}'  style=\"font-weight:normal;color:#2d2d2d;margin-top:20px;\"><\/p>\n<h3>TMS Medical Human Resources<\/h3>\n<p style=\"text-align: justify;\">TMS creates, implements, develops, and maintains the human resources management system with the existing legal regulations. To develop your skills, technical and managerial training and knowledge sharing are among our human resources commitments.<\/p>\n<p style=\"text-align: justify;\">As TMS, we offer a peaceful workplace, solid friendships, team unity, and profitable business opportunities so that our employees can be active in determining their career plans, as we attach importance to production and responsibility.<\/p>\n<p style=\"text-align: justify;\">You can reach our open job postings on Kariyer.net and apply.<br \/>\nThank you.<\/p>\n<p><span style=\"color: #0000ff;\"><strong><a style=\"color: #0000ff;\" href=\"https:\/\/www.kariyer.net\/firma-profil\/tms-tibbi-cihaz-iml-ith-ve-ihr-san-tic-ltd-s-31796-23949\" target=\"_blank\" rel=\"noopener\">TMS Human Resources<\/a><\/strong><\/span><\/div><\/div><\/div><\/div><\/div><div class=\"wpb_column vc_column_container vc_col-sm-4\"><div class=\"vc_column-inner\"><div class=\"wpb_wrapper\"><style type=\"text\/css\" data-type=\"the7_shortcodes-inline-css\">.shortcode-single-image-wrap.shortcode-single-image-4cc9f08b016a6ea596b0428fdaf4dd2a.enable-bg-rollover .rollover i,\n.shortcode-single-image-wrap.shortcode-single-image-4cc9f08b016a6ea596b0428fdaf4dd2a.enable-bg-rollover .rollover-video i {\n  background: -webkit-linear-gradient();\n  background: linear-gradient();\n}\n.shortcode-single-image-wrap.shortcode-single-image-4cc9f08b016a6ea596b0428fdaf4dd2a .rollover-icon {\n  font-size: 32px;\n  color: #ffffff;\n  min-width: 44px;\n  min-height: 44px;\n  line-height: 44px;\n  border-radius: 100px;\n  border-style: solid;\n  border-width: 0px;\n}\n.dt-icon-bg-on.shortcode-single-image-wrap.shortcode-single-image-4cc9f08b016a6ea596b0428fdaf4dd2a .rollover-icon {\n  background: rgba(255,255,255,0.3);\n  box-shadow: none;\n}<\/style><div class=\"shortcode-single-image-wrap shortcode-single-image-4cc9f08b016a6ea596b0428fdaf4dd2a alignnone  vc_custom_1674735691804 enable-bg-rollover dt-icon-bg-off\" ><div class=\"shortcode-single-image\"><div class=\"fancy-media-wrap  layzr-bg\" style=\"border-radius:20px;\"><img fetchpriority=\"high\" decoding=\"async\" class=\"preload-me lazy-load aspect\" src=\"data:image\/svg+xml,%3Csvg%20xmlns%3D&#039;http%3A%2F%2Fwww.w3.org%2F2000%2Fsvg&#039;%20viewBox%3D&#039;0%200%20345%20220&#039;%2F%3E\" data-src=\"https:\/\/tms-medical.com\/wp-content\/uploads\/2023\/01\/insan-kaynaklari-345x220.jpg\" data-srcset=\"https:\/\/tms-medical.com\/wp-content\/uploads\/2023\/01\/insan-kaynaklari-345x220.jpg 345w, https:\/\/tms-medical.com\/wp-content\/uploads\/2023\/01\/insan-kaynaklari-690x440.jpg 690w\" loading=\"eager\" sizes=\"(max-width: 345px) 100vw, 345px\" width=\"345\" height=\"220\" data-dt-location=\"https:\/\/tms-medical.com\/en\/human-resources\/insan-kaynaklari-2\/\" style=\"--ratio: 345 \/ 220;border-radius:20px;\" alt=\"insan kaynaklar\u0131\" title=\"\"><\/div><\/div><\/div><\/div><\/div><\/div><\/div>\n<\/div>","protected":false},"excerpt":{"rendered":"<p>TMS Medical \u0130nsan Kaynaklar\u0131 TMS mevcut yasal d\u00fczenlemelerle insan kaynaklar\u0131 y\u00f6netim sistemini olu\u015fturmak, uygulamak, geli\u015ftirmek ve s\u00fcreklili\u011fini sa\u011flamaktad\u0131r. Yeteneklerinizi geli\u015ftirmek i\u00e7in, teknik ve y\u00f6netimsel e\u011fitimler, bilgi payla\u015f\u0131mlar\u0131 insan kaynaklar\u0131 taahh\u00fctlerimizin ba\u015f\u0131nda gelmektedir. TMS olarak bizler \u00fcretim ve sorumlulu\u011fa \u00f6nem vermemiz nedeniyle \u00e7al\u0131\u015fanlar\u0131m\u0131z\u0131n kariyer planlar\u0131n\u0131 belirlemesinde aktif olabilmeleri i\u00e7in \u00e7al\u0131\u015fanlar\u0131m\u0131z\u0131n huzurlu bir i\u015f yeri sa\u011flam dostluklar,&hellip;<\/p>","protected":false},"author":1,"featured_media":0,"parent":0,"menu_order":200,"comment_status":"closed","ping_status":"closed","template":"","meta":{"inline_featured_image":false,"footnotes":""},"class_list":["post-2652","page","type-page","status-publish","hentry","description-off"],"_links":{"self":[{"href":"https:\/\/tms-medical.com\/en\/wp-json\/wp\/v2\/pages\/2652","targetHints":{"allow":["GET"]}}],"collection":[{"href":"https:\/\/tms-medical.com\/en\/wp-json\/wp\/v2\/pages"}],"about":[{"href":"https:\/\/tms-medical.com\/en\/wp-json\/wp\/v2\/types\/page"}],"author":[{"embeddable":true,"href":"https:\/\/tms-medical.com\/en\/wp-json\/wp\/v2\/users\/1"}],"replies":[{"embeddable":true,"href":"https:\/\/tms-medical.com\/en\/wp-json\/wp\/v2\/comments?post=2652"}],"version-history":[{"count":0,"href":"https:\/\/tms-medical.com\/en\/wp-json\/wp\/v2\/pages\/2652\/revisions"}],"wp:attachment":[{"href":"https:\/\/tms-medical.com\/en\/wp-json\/wp\/v2\/media?parent=2652"}],"curies":[{"name":"wp","href":"https:\/\/api.w.org\/{rel}","templated":true}]}}